{"id":1519,"date":"2025-09-26T08:43:45","date_gmt":"2025-09-26T00:43:45","guid":{"rendered":"https:\/\/aolanglasers.com\/?post_type=product&#038;p=1519"},"modified":"2025-10-20T10:22:47","modified_gmt":"2025-10-20T02:22:47","slug":"acylic-laser-cutting-machine","status":"publish","type":"product","link":"https:\/\/aolanglasers.com\/sv\/produkt\/acylic-laser-cutting-machine\/","title":{"rendered":"Acylic Laser Cutting Machine"},"content":{"rendered":"<table>\n<tbody>\n<tr>\n<td>Modell<\/td>\n<td>AL-GA600-1325<\/td>\n<\/tr>\n<tr>\n<td>Maskinens struktur<\/td>\n<td>Gantry Type<\/td>\n<\/tr>\n<tr>\n<td>Laserbana<\/td>\n<td>Flying Laser Path<\/td>\n<\/tr>\n<tr>\n<td>Laserk\u00e4lla<\/td>\n<td>CO\u2082 F\u00f6rseglat laserr\u00f6r<\/td>\n<\/tr>\n<tr>\n<td>Arbetsomr\u00e5de<\/td>\n<td>1300mm \u00d7 2500mm (4ft \u00d7 8ft)<\/td>\n<\/tr>\n<tr>\n<td>Sk\u00e4rande precision<\/td>\n<td>\u00b10,05 mm<\/td>\n<\/tr>\n<tr>\n<td>Sk\u00e4rdjup<\/td>\n<td>\u226425mm<\/td>\n<\/tr>\n<tr>\n<td>Sk\u00e4rhastighet<\/td>\n<td>Approx. 150\u00a0m\/h (for 8mm acrylic)<\/td>\n<\/tr>\n<tr>\n<td>Driftstemperatur<\/td>\n<td>0-45\u00b0C<\/td>\n<\/tr>\n<tr>\n<td>Str\u00f6mf\u00f6rs\u00f6rjning<\/td>\n<td>Enfas 220V\u00b110%, 50Hz (standard)<\/td>\n<\/tr>\n<tr>\n<td>Numerisk kontrollpanel<\/td>\n<td>LCD-sk\u00e4rm med Light-Touch-tangentpanel<\/td>\n<\/tr>\n<tr>\n<td>Grafiskt format<\/td>\n<td>DXF, PLT, BMP, JPG, GIF, TIF, CDR, AI<\/td>\n<\/tr>\n<tr>\n<td>Typ av drivenhet<\/td>\n<td>Importerade styrskenor och kulskruvar (Taiwan)<\/td>\n<\/tr>\n<tr>\n<td>Typ av kylning<\/td>\n<td>Vattenkylning (anv\u00e4nd rent vatten; tills\u00e4tt frostskyddsmedel p\u00e5 vintern)<\/td>\n<\/tr>\n<tr>\n<td>Bruttoeffekt<\/td>\n<td>5 kW<\/td>\n<\/tr>\n<tr>\n<td>F\u00f6rbrukningsvaror<\/td>\n<td>Laserr\u00f6r, lins, reflekterande spegel, utg\u00e5ngsspegel<\/td>\n<\/tr>\n<tr>\n<td>Assistentutrustning (gratis)<\/td>\n<td>Water\u00a0Chiller, Industrial Blower<\/td>\n<\/tr>\n<tr>\n<td>Maskinens storlek (Stand-by)<\/td>\n<td>4200mm \u00d7 2300mm \u00d7 1600mm<\/td>\n<\/tr>\n<tr>\n<td>Maskinens storlek (bearbetning)<\/td>\n<td>4500mm \u00d7 2300mm \u00d7 1600mm<\/td>\n<\/tr>\n<tr>\n<td>Bruttovikt<\/td>\n<td>1800kg<\/td>\n<\/tr>\n<\/tbody>\n<\/table>\n<p>&nbsp;<\/p>","protected":false},"excerpt":{"rendered":"<p>600W acrylic laser cutting machine is specifically engineered for the advertising industry. It boasts fast cutting speed, prevents burning when processing thick acrylic sheets, and produces ultra-smooth cutting surfaces\u2014critical benefits for advertising sign fabrication, acrylic display production, and other key advertising sector applications.<\/p>\n<p>https:\/\/youtu.be\/Ej6ZXHSVdVE?si=1on1EQW84brWjhDW<\/p>","protected":false},"featured_media":2744,"comment_status":"open","ping_status":"closed","template":"","meta":{"_acf_changed":false},"product_brand":[],"product_cat":[25],"product_tag":[],"class_list":{"0":"post-1519","1":"product","2":"type-product","3":"status-publish","4":"has-post-thumbnail","6":"product_cat-acrylic-laser-cutting-machine","8":"first","9":"instock","10":"shipping-taxable","11":"product-type-simple"},"acf":[],"yoast_head":"<!-- This site is optimized with the Yoast SEO plugin v26.0 - https:\/\/yoast.com\/wordpress\/plugins\/seo\/ -->\n<title>Acylic Laser Cutting Machine - Aolang Laser<\/title>\n<meta name=\"description\" content=\"300W 400W 600W acrylic laser cutter is compatible with 8mm, 9mm, 11mm acrylic sheet. Ideal for advertising sign fabrication and acrylic display production.\" \/>\n<meta name=\"robots\" content=\"index, follow, max-snippet:-1, max-image-preview:large, max-video-preview:-1\" \/>\n<link rel=\"canonical\" href=\"https:\/\/aolanglasers.com\/sv\/produkt\/acylic-laser-cutting-machine\/\" \/>\n<meta property=\"og:locale\" content=\"sv_SE\" \/>\n<meta property=\"og:type\" content=\"article\" \/>\n<meta property=\"og:title\" content=\"Acylic Laser Cutting Machine - Aolang Laser\" \/>\n<meta property=\"og:description\" content=\"300W 400W 600W acrylic laser cutter is compatible with 8mm, 9mm, 11mm acrylic sheet. Ideal for advertising sign fabrication and acrylic display production.\" \/>\n<meta property=\"og:url\" content=\"https:\/\/aolanglasers.com\/sv\/produkt\/acylic-laser-cutting-machine\/\" \/>\n<meta property=\"og:site_name\" content=\"Aolang Laser\" \/>\n<meta property=\"article:modified_time\" content=\"2025-10-20T02:22:47+00:00\" \/>\n<meta property=\"og:image\" content=\"https:\/\/aolanglasers.com\/wp-content\/uploads\/2025\/10\/600w-acrylic-laser-cutting-machine.webp\" \/>\n\t<meta property=\"og:image:width\" content=\"1312\" \/>\n\t<meta property=\"og:image:height\" content=\"736\" \/>\n\t<meta property=\"og:image:type\" content=\"image\/webp\" \/>\n<meta name=\"twitter:card\" content=\"summary_large_image\" \/>\n<meta name=\"twitter:label1\" content=\"Ber\u00e4knad l\u00e4stid\" \/>\n\t<meta name=\"twitter:data1\" content=\"1 minut\" \/>\n<script type=\"application\/ld+json\" class=\"yoast-schema-graph\">{\"@context\":\"https:\/\/schema.org\",\"@graph\":[{\"@type\":\"WebPage\",\"@id\":\"https:\/\/aolanglasers.com\/product\/acylic-laser-cutting-machine\/\",\"url\":\"https:\/\/aolanglasers.com\/product\/acylic-laser-cutting-machine\/\",\"name\":\"Acylic Laser Cutting Machine - Aolang Laser\",\"isPartOf\":{\"@id\":\"https:\/\/aolanglasers.com\/#website\"},\"primaryImageOfPage\":{\"@id\":\"https:\/\/aolanglasers.com\/product\/acylic-laser-cutting-machine\/#primaryimage\"},\"image\":{\"@id\":\"https:\/\/aolanglasers.com\/product\/acylic-laser-cutting-machine\/#primaryimage\"},\"thumbnailUrl\":\"https:\/\/aolanglasers.com\/wp-content\/uploads\/2025\/10\/600w-acrylic-laser-cutting-machine.webp\",\"datePublished\":\"2025-09-26T00:43:45+00:00\",\"dateModified\":\"2025-10-20T02:22:47+00:00\",\"description\":\"300W 400W 600W acrylic laser cutter is compatible with 8mm, 9mm, 11mm acrylic sheet. Ideal for advertising sign fabrication and acrylic display production.\",\"breadcrumb\":{\"@id\":\"https:\/\/aolanglasers.com\/product\/acylic-laser-cutting-machine\/#breadcrumb\"},\"inLanguage\":\"sv-SE\",\"potentialAction\":[{\"@type\":\"ReadAction\",\"target\":[\"https:\/\/aolanglasers.com\/product\/acylic-laser-cutting-machine\/\"]}]},{\"@type\":\"ImageObject\",\"inLanguage\":\"sv-SE\",\"@id\":\"https:\/\/aolanglasers.com\/product\/acylic-laser-cutting-machine\/#primaryimage\",\"url\":\"https:\/\/aolanglasers.com\/wp-content\/uploads\/2025\/10\/600w-acrylic-laser-cutting-machine.webp\",\"contentUrl\":\"https:\/\/aolanglasers.com\/wp-content\/uploads\/2025\/10\/600w-acrylic-laser-cutting-machine.webp\",\"width\":1312,\"height\":736,\"caption\":\"600w acrylic laser cutting machine\"},{\"@type\":\"BreadcrumbList\",\"@id\":\"https:\/\/aolanglasers.com\/product\/acylic-laser-cutting-machine\/#breadcrumb\",\"itemListElement\":[{\"@type\":\"ListItem\",\"position\":1,\"name\":\"\u9996\u9875\",\"item\":\"https:\/\/aolanglasers.com\/\"},{\"@type\":\"ListItem\",\"position\":2,\"name\":\"Products\",\"item\":\"https:\/\/aolanglasers.com\/shop\/\"},{\"@type\":\"ListItem\",\"position\":3,\"name\":\"Acylic Laser Cutting Machine\"}]},{\"@type\":\"WebSite\",\"@id\":\"https:\/\/aolanglasers.com\/#website\",\"url\":\"https:\/\/aolanglasers.com\/\",\"name\":\"aolanglasers.com\",\"description\":\"Aolang Laser is a professional CO\u2082 laser cutting machine manufacturer &amp; supplier. We specialize in manufacturing, supplying, and servicing laser die cutting machine, laser die board cutting machine, plywood laser cutting machine, PVC laser cutting machine, acrylic laser cutting machine, MDF laser cutting machine, and laser engraving machine.\",\"publisher\":{\"@id\":\"https:\/\/aolanglasers.com\/#organization\"},\"potentialAction\":[{\"@type\":\"SearchAction\",\"target\":{\"@type\":\"EntryPoint\",\"urlTemplate\":\"https:\/\/aolanglasers.com\/?s={search_term_string}\"},\"query-input\":{\"@type\":\"PropertyValueSpecification\",\"valueRequired\":true,\"valueName\":\"search_term_string\"}}],\"inLanguage\":\"sv-SE\"},{\"@type\":\"Organization\",\"@id\":\"https:\/\/aolanglasers.com\/#organization\",\"name\":\"aolanglasers.com\",\"url\":\"https:\/\/aolanglasers.com\/\",\"logo\":{\"@type\":\"ImageObject\",\"inLanguage\":\"sv-SE\",\"@id\":\"https:\/\/aolanglasers.com\/#\/schema\/logo\/image\/\",\"url\":\"https:\/\/aolanglasers.com\/wp-content\/uploads\/2025\/08\/\u5fae\u4fe1\u56fe\u7247_20250820110444_286-e1755866941286.jpg\",\"contentUrl\":\"https:\/\/aolanglasers.com\/wp-content\/uploads\/2025\/08\/\u5fae\u4fe1\u56fe\u7247_20250820110444_286-e1755866941286.jpg\",\"width\":807,\"height\":648,\"caption\":\"aolanglasers.com\"},\"image\":{\"@id\":\"https:\/\/aolanglasers.com\/#\/schema\/logo\/image\/\"}}]}<\/script>\n<!-- \/ Yoast SEO plugin. -->","yoast_head_json":{"title":"Acylic Laser Cutting Machine - Aolang Laser","description":"300W 400W 600W acrylic laser cutter is compatible with 8mm, 9mm, 11mm acrylic sheet. Ideal for advertising sign fabrication and acrylic display production.","robots":{"index":"index","follow":"follow","max-snippet":"max-snippet:-1","max-image-preview":"max-image-preview:large","max-video-preview":"max-video-preview:-1"},"canonical":"https:\/\/aolanglasers.com\/sv\/produkt\/acylic-laser-cutting-machine\/","og_locale":"sv_SE","og_type":"article","og_title":"Acylic Laser Cutting Machine - Aolang Laser","og_description":"300W 400W 600W acrylic laser cutter is compatible with 8mm, 9mm, 11mm acrylic sheet. Ideal for advertising sign fabrication and acrylic display production.","og_url":"https:\/\/aolanglasers.com\/sv\/produkt\/acylic-laser-cutting-machine\/","og_site_name":"Aolang Laser","article_modified_time":"2025-10-20T02:22:47+00:00","og_image":[{"width":1312,"height":736,"url":"https:\/\/aolanglasers.com\/wp-content\/uploads\/2025\/10\/600w-acrylic-laser-cutting-machine.webp","type":"image\/webp"}],"twitter_card":"summary_large_image","twitter_misc":{"Ber\u00e4knad l\u00e4stid":"1 minut"},"schema":{"@context":"https:\/\/schema.org","@graph":[{"@type":"WebPage","@id":"https:\/\/aolanglasers.com\/product\/acylic-laser-cutting-machine\/","url":"https:\/\/aolanglasers.com\/product\/acylic-laser-cutting-machine\/","name":"Acylic Laser Cutting Machine - Aolang Laser","isPartOf":{"@id":"https:\/\/aolanglasers.com\/#website"},"primaryImageOfPage":{"@id":"https:\/\/aolanglasers.com\/product\/acylic-laser-cutting-machine\/#primaryimage"},"image":{"@id":"https:\/\/aolanglasers.com\/product\/acylic-laser-cutting-machine\/#primaryimage"},"thumbnailUrl":"https:\/\/aolanglasers.com\/wp-content\/uploads\/2025\/10\/600w-acrylic-laser-cutting-machine.webp","datePublished":"2025-09-26T00:43:45+00:00","dateModified":"2025-10-20T02:22:47+00:00","description":"300W 400W 600W acrylic laser cutter is compatible with 8mm, 9mm, 11mm acrylic sheet. Ideal for advertising sign fabrication and acrylic display production.","breadcrumb":{"@id":"https:\/\/aolanglasers.com\/product\/acylic-laser-cutting-machine\/#breadcrumb"},"inLanguage":"sv-SE","potentialAction":[{"@type":"ReadAction","target":["https:\/\/aolanglasers.com\/product\/acylic-laser-cutting-machine\/"]}]},{"@type":"ImageObject","inLanguage":"sv-SE","@id":"https:\/\/aolanglasers.com\/product\/acylic-laser-cutting-machine\/#primaryimage","url":"https:\/\/aolanglasers.com\/wp-content\/uploads\/2025\/10\/600w-acrylic-laser-cutting-machine.webp","contentUrl":"https:\/\/aolanglasers.com\/wp-content\/uploads\/2025\/10\/600w-acrylic-laser-cutting-machine.webp","width":1312,"height":736,"caption":"600w acrylic laser cutting machine"},{"@type":"BreadcrumbList","@id":"https:\/\/aolanglasers.com\/product\/acylic-laser-cutting-machine\/#breadcrumb","itemListElement":[{"@type":"ListItem","position":1,"name":"\u9996\u9875","item":"https:\/\/aolanglasers.com\/"},{"@type":"ListItem","position":2,"name":"Products","item":"https:\/\/aolanglasers.com\/shop\/"},{"@type":"ListItem","position":3,"name":"Acylic Laser Cutting Machine"}]},{"@type":"WebSite","@id":"https:\/\/aolanglasers.com\/#website","url":"https:\/\/aolanglasers.com\/","name":"aolanglasers.com","description":"Aolang Laser is a professional CO\u2082 laser cutting machine manufacturer &amp; supplier. We specialize in manufacturing, supplying, and servicing laser die cutting machine, laser die board cutting machine, plywood laser cutting machine, PVC laser cutting machine, acrylic laser cutting machine, MDF laser cutting machine, and laser engraving machine.","publisher":{"@id":"https:\/\/aolanglasers.com\/#organization"},"potentialAction":[{"@type":"SearchAction","target":{"@type":"EntryPoint","urlTemplate":"https:\/\/aolanglasers.com\/?s={search_term_string}"},"query-input":{"@type":"PropertyValueSpecification","valueRequired":true,"valueName":"search_term_string"}}],"inLanguage":"sv-SE"},{"@type":"Organization","@id":"https:\/\/aolanglasers.com\/#organization","name":"aolanglasers.com","url":"https:\/\/aolanglasers.com\/","logo":{"@type":"ImageObject","inLanguage":"sv-SE","@id":"https:\/\/aolanglasers.com\/#\/schema\/logo\/image\/","url":"https:\/\/aolanglasers.com\/wp-content\/uploads\/2025\/08\/\u5fae\u4fe1\u56fe\u7247_20250820110444_286-e1755866941286.jpg","contentUrl":"https:\/\/aolanglasers.com\/wp-content\/uploads\/2025\/08\/\u5fae\u4fe1\u56fe\u7247_20250820110444_286-e1755866941286.jpg","width":807,"height":648,"caption":"aolanglasers.com"},"image":{"@id":"https:\/\/aolanglasers.com\/#\/schema\/logo\/image\/"}}]}},"_links":{"self":[{"href":"https:\/\/aolanglasers.com\/sv\/wp-json\/wp\/v2\/product\/1519","targetHints":{"allow":["GET"]}}],"collection":[{"href":"https:\/\/aolanglasers.com\/sv\/wp-json\/wp\/v2\/product"}],"about":[{"href":"https:\/\/aolanglasers.com\/sv\/wp-json\/wp\/v2\/types\/product"}],"replies":[{"embeddable":true,"href":"https:\/\/aolanglasers.com\/sv\/wp-json\/wp\/v2\/comments?post=1519"}],"wp:featuredmedia":[{"embeddable":true,"href":"https:\/\/aolanglasers.com\/sv\/wp-json\/wp\/v2\/media\/2744"}],"wp:attachment":[{"href":"https:\/\/aolanglasers.com\/sv\/wp-json\/wp\/v2\/media?parent=1519"}],"wp:term":[{"taxonomy":"product_brand","embeddable":true,"href":"https:\/\/aolanglasers.com\/sv\/wp-json\/wp\/v2\/product_brand?post=1519"},{"taxonomy":"product_cat","embeddable":true,"href":"https:\/\/aolanglasers.com\/sv\/wp-json\/wp\/v2\/product_cat?post=1519"},{"taxonomy":"product_tag","embeddable":true,"href":"https:\/\/aolanglasers.com\/sv\/wp-json\/wp\/v2\/product_tag?post=1519"}],"curies":[{"name":"wp","href":"https:\/\/api.w.org\/{rel}","templated":true}]}}