{"id":1531,"date":"2025-09-26T09:44:06","date_gmt":"2025-09-26T01:44:06","guid":{"rendered":"https:\/\/aolanglasers.com\/?post_type=product&#038;p=1531"},"modified":"2025-10-29T08:30:09","modified_gmt":"2025-10-29T00:30:09","slug":"laser-die-board-cutting-machine","status":"publish","type":"product","link":"https:\/\/aolanglasers.com\/pl\/produkt\/laser-die-board-cutting-machine\/","title":{"rendered":"Cross Table Laser Die Board Cutting Machine"},"content":{"rendered":"<table>\n<tbody>\n<tr>\n<td>Model<\/td>\n<td>AL-CT600-1218<\/td>\n<\/tr>\n<tr>\n<td>Struktura maszyny<\/td>\n<td>Cross Table<\/td>\n<\/tr>\n<tr>\n<td>\u015acie\u017cka lasera<\/td>\n<td>Fixed Optical Path<\/td>\n<\/tr>\n<tr>\n<td>\u0179r\u00f3d\u0142o lasera<\/td>\n<td>Uszczelniona tuba laserowa CO\u2082<\/td>\n<\/tr>\n<tr>\n<td>Obszar roboczy<\/td>\n<td>1200mm \u00d7 1800mm (4ft \u00d7 6ft)<\/td>\n<\/tr>\n<tr>\n<td>Precyzja ci\u0119cia<\/td>\n<td>\u00b10,05 mm<\/td>\n<\/tr>\n<tr>\n<td>G\u0142\u0119boko\u015b\u0107 ci\u0119cia<\/td>\n<td>\u226425 mm<\/td>\n<\/tr>\n<tr>\n<td>Grubo\u015b\u0107 ostrza<\/td>\n<td>0,45 mm (1,3 pkt), 0,53 mm (1,5 pkt), 0,71 mm (2 pkt), 1,07 mm (3 pkt), 1,42 mm (4 pkt) itd.<\/td>\n<\/tr>\n<tr>\n<td>Pr\u0119dko\u015b\u0107 ci\u0119cia<\/td>\n<td>Oko\u0142o 36-46 m\/h (dla sklejki 18 mm)<\/td>\n<\/tr>\n<tr>\n<td>Temperatura pracy<\/td>\n<td>0-45\u00b0C<\/td>\n<\/tr>\n<tr>\n<td>Zasilanie<\/td>\n<td>Jednofazowy 220V\u00b110%, 50Hz (standard)<\/td>\n<\/tr>\n<tr>\n<td>Numeryczny panel sterowania<\/td>\n<td>Ekran LCD z panelem przycisk\u00f3w dotykowych<\/td>\n<\/tr>\n<tr>\n<td>Format graficzny<\/td>\n<td>DXF, PLT, BMP, JPG, GIF, TIF, CDR, AI<\/td>\n<\/tr>\n<tr>\n<td>Typ nap\u0119du<\/td>\n<td>Importowane szyny prowadz\u0105ce i \u015bruby kulowe (Tajwan)<\/td>\n<\/tr>\n<tr>\n<td>Typ ch\u0142odzenia<\/td>\n<td>Ch\u0142odzenie wod\u0105 (u\u017cywa\u0107 czystej wody; zim\u0105 dodawa\u0107 p\u0142yn niezamarzaj\u0105cy)<\/td>\n<\/tr>\n<tr>\n<td>Moc brutto<\/td>\n<td>5kW<\/td>\n<\/tr>\n<tr>\n<td>Materia\u0142y eksploatacyjne<\/td>\n<td>Rura laserowa, soczewka, lustro odblaskowe, lustro wyj\u015bciowe<\/td>\n<\/tr>\n<tr>\n<td>Sprz\u0119t pomocniczy (bezp\u0142atny)<\/td>\n<td>Agregat wody lodowej, dmuchawa przemys\u0142owa, komputer<\/td>\n<\/tr>\n<tr>\n<td>Rozmiar maszyny (tryb gotowo\u015bci)<\/td>\n<td>4200mm \u00d7 4500mm \u00d7 1600mm<\/td>\n<\/tr>\n<tr>\n<td>Rozmiar maszyny (roboczy)<\/td>\n<td>5000mm \u00d7 5000mm \u00d7 1600mm<\/td>\n<\/tr>\n<tr>\n<td>Waga brutto<\/td>\n<td>2200kg<\/td>\n<\/tr>\n<\/tbody>\n<\/table>\n<p>&nbsp;<\/p>","protected":false},"excerpt":{"rendered":"<p>400W 600W 800W\u00a0cross table laser die cutting machine is a classic model which adopts cross table structure and fixed laser head design, delivering stable performance and higher cutting accuracy.<\/p>\n<p>https:\/\/youtu.be\/ERfTi5svKAs?si=FA8K_Vqxom_XgQHf<\/p>","protected":false},"featured_media":2753,"comment_status":"open","ping_status":"closed","template":"","meta":{"_acf_changed":false},"product_brand":[],"product_cat":[24],"product_tag":[],"class_list":{"0":"post-1531","1":"product","2":"type-product","3":"status-publish","4":"has-post-thumbnail","6":"product_cat-laser-die-cutting-machine","8":"first","9":"instock","10":"shipping-taxable","11":"product-type-simple"},"acf":[],"yoast_head":"<!-- This site is optimized with the Yoast SEO plugin v26.0 - https:\/\/yoast.com\/wordpress\/plugins\/seo\/ -->\n<title>Cross Table Laser Die Board Cutting Machine<\/title>\n<meta name=\"description\" content=\"Equipped with auto focus system, Aolang laser machine can adapt to different plywood thicknesses and complete multiple cutting seams at one time.\" \/>\n<meta name=\"robots\" content=\"index, follow, max-snippet:-1, max-image-preview:large, max-video-preview:-1\" \/>\n<link rel=\"canonical\" href=\"https:\/\/aolanglasers.com\/pl\/produkt\/laser-die-board-cutting-machine\/\" \/>\n<meta property=\"og:locale\" content=\"pl_PL\" \/>\n<meta property=\"og:type\" content=\"article\" \/>\n<meta property=\"og:title\" content=\"Cross Table Laser Die Board Cutting Machine\" \/>\n<meta property=\"og:description\" content=\"Equipped with auto focus system, Aolang laser machine can adapt to different plywood thicknesses and complete multiple cutting seams at one time.\" \/>\n<meta property=\"og:url\" content=\"https:\/\/aolanglasers.com\/pl\/produkt\/laser-die-board-cutting-machine\/\" \/>\n<meta property=\"og:site_name\" content=\"Aolang Laser\" \/>\n<meta property=\"article:modified_time\" content=\"2025-10-29T00:30:09+00:00\" \/>\n<meta property=\"og:image\" content=\"https:\/\/aolanglasers.com\/wp-content\/uploads\/2025\/09\/cross-table-laser-die-cutting-machine.webp\" \/>\n\t<meta property=\"og:image:width\" content=\"1152\" \/>\n\t<meta property=\"og:image:height\" content=\"864\" \/>\n\t<meta property=\"og:image:type\" content=\"image\/webp\" \/>\n<meta name=\"twitter:card\" content=\"summary_large_image\" \/>\n<meta name=\"twitter:label1\" content=\"Szacowany czas czytania\" \/>\n\t<meta name=\"twitter:data1\" content=\"1 minuta\" \/>\n<script type=\"application\/ld+json\" class=\"yoast-schema-graph\">{\"@context\":\"https:\/\/schema.org\",\"@graph\":[{\"@type\":\"WebPage\",\"@id\":\"https:\/\/aolanglasers.com\/product\/laser-die-board-cutting-machine\/\",\"url\":\"https:\/\/aolanglasers.com\/product\/laser-die-board-cutting-machine\/\",\"name\":\"Cross Table Laser Die Board Cutting Machine\",\"isPartOf\":{\"@id\":\"https:\/\/aolanglasers.com\/#website\"},\"primaryImageOfPage\":{\"@id\":\"https:\/\/aolanglasers.com\/product\/laser-die-board-cutting-machine\/#primaryimage\"},\"image\":{\"@id\":\"https:\/\/aolanglasers.com\/product\/laser-die-board-cutting-machine\/#primaryimage\"},\"thumbnailUrl\":\"https:\/\/aolanglasers.com\/wp-content\/uploads\/2025\/09\/cross-table-laser-die-cutting-machine.webp\",\"datePublished\":\"2025-09-26T01:44:06+00:00\",\"dateModified\":\"2025-10-29T00:30:09+00:00\",\"description\":\"Equipped with auto focus system, Aolang laser machine can adapt to different plywood thicknesses and complete multiple cutting seams at one time.\",\"breadcrumb\":{\"@id\":\"https:\/\/aolanglasers.com\/product\/laser-die-board-cutting-machine\/#breadcrumb\"},\"inLanguage\":\"pl-PL\",\"potentialAction\":[{\"@type\":\"ReadAction\",\"target\":[\"https:\/\/aolanglasers.com\/product\/laser-die-board-cutting-machine\/\"]}]},{\"@type\":\"ImageObject\",\"inLanguage\":\"pl-PL\",\"@id\":\"https:\/\/aolanglasers.com\/product\/laser-die-board-cutting-machine\/#primaryimage\",\"url\":\"https:\/\/aolanglasers.com\/wp-content\/uploads\/2025\/09\/cross-table-laser-die-cutting-machine.webp\",\"contentUrl\":\"https:\/\/aolanglasers.com\/wp-content\/uploads\/2025\/09\/cross-table-laser-die-cutting-machine.webp\",\"width\":1152,\"height\":864,\"caption\":\"cross table laser die cutting machine\"},{\"@type\":\"BreadcrumbList\",\"@id\":\"https:\/\/aolanglasers.com\/product\/laser-die-board-cutting-machine\/#breadcrumb\",\"itemListElement\":[{\"@type\":\"ListItem\",\"position\":1,\"name\":\"\u9996\u9875\",\"item\":\"https:\/\/aolanglasers.com\/\"},{\"@type\":\"ListItem\",\"position\":2,\"name\":\"Products\",\"item\":\"https:\/\/aolanglasers.com\/shop\/\"},{\"@type\":\"ListItem\",\"position\":3,\"name\":\"Cross Table Laser Die Board Cutting Machine\"}]},{\"@type\":\"WebSite\",\"@id\":\"https:\/\/aolanglasers.com\/#website\",\"url\":\"https:\/\/aolanglasers.com\/\",\"name\":\"aolanglasers.com\",\"description\":\"Aolang Laser is a professional CO\u2082 laser cutting machine manufacturer &amp; supplier. We specialize in manufacturing, supplying, and servicing laser die cutting machine, laser die board cutting machine, plywood laser cutting machine, PVC laser cutting machine, acrylic laser cutting machine, MDF laser cutting machine, and laser engraving machine.\",\"publisher\":{\"@id\":\"https:\/\/aolanglasers.com\/#organization\"},\"potentialAction\":[{\"@type\":\"SearchAction\",\"target\":{\"@type\":\"EntryPoint\",\"urlTemplate\":\"https:\/\/aolanglasers.com\/?s={search_term_string}\"},\"query-input\":{\"@type\":\"PropertyValueSpecification\",\"valueRequired\":true,\"valueName\":\"search_term_string\"}}],\"inLanguage\":\"pl-PL\"},{\"@type\":\"Organization\",\"@id\":\"https:\/\/aolanglasers.com\/#organization\",\"name\":\"aolanglasers.com\",\"url\":\"https:\/\/aolanglasers.com\/\",\"logo\":{\"@type\":\"ImageObject\",\"inLanguage\":\"pl-PL\",\"@id\":\"https:\/\/aolanglasers.com\/#\/schema\/logo\/image\/\",\"url\":\"https:\/\/aolanglasers.com\/wp-content\/uploads\/2025\/08\/\u5fae\u4fe1\u56fe\u7247_20250820110444_286-e1755866941286.jpg\",\"contentUrl\":\"https:\/\/aolanglasers.com\/wp-content\/uploads\/2025\/08\/\u5fae\u4fe1\u56fe\u7247_20250820110444_286-e1755866941286.jpg\",\"width\":807,\"height\":648,\"caption\":\"aolanglasers.com\"},\"image\":{\"@id\":\"https:\/\/aolanglasers.com\/#\/schema\/logo\/image\/\"}}]}<\/script>\n<!-- \/ Yoast SEO plugin. -->","yoast_head_json":{"title":"Cross Table Laser Die Board Cutting Machine","description":"Equipped with auto focus system, Aolang laser machine can adapt to different plywood thicknesses and complete multiple cutting seams at one time.","robots":{"index":"index","follow":"follow","max-snippet":"max-snippet:-1","max-image-preview":"max-image-preview:large","max-video-preview":"max-video-preview:-1"},"canonical":"https:\/\/aolanglasers.com\/pl\/produkt\/laser-die-board-cutting-machine\/","og_locale":"pl_PL","og_type":"article","og_title":"Cross Table Laser Die Board Cutting Machine","og_description":"Equipped with auto focus system, Aolang laser machine can adapt to different plywood thicknesses and complete multiple cutting seams at one time.","og_url":"https:\/\/aolanglasers.com\/pl\/produkt\/laser-die-board-cutting-machine\/","og_site_name":"Aolang Laser","article_modified_time":"2025-10-29T00:30:09+00:00","og_image":[{"width":1152,"height":864,"url":"https:\/\/aolanglasers.com\/wp-content\/uploads\/2025\/09\/cross-table-laser-die-cutting-machine.webp","type":"image\/webp"}],"twitter_card":"summary_large_image","twitter_misc":{"Szacowany czas czytania":"1 minuta"},"schema":{"@context":"https:\/\/schema.org","@graph":[{"@type":"WebPage","@id":"https:\/\/aolanglasers.com\/product\/laser-die-board-cutting-machine\/","url":"https:\/\/aolanglasers.com\/product\/laser-die-board-cutting-machine\/","name":"Cross Table Laser Die Board Cutting Machine","isPartOf":{"@id":"https:\/\/aolanglasers.com\/#website"},"primaryImageOfPage":{"@id":"https:\/\/aolanglasers.com\/product\/laser-die-board-cutting-machine\/#primaryimage"},"image":{"@id":"https:\/\/aolanglasers.com\/product\/laser-die-board-cutting-machine\/#primaryimage"},"thumbnailUrl":"https:\/\/aolanglasers.com\/wp-content\/uploads\/2025\/09\/cross-table-laser-die-cutting-machine.webp","datePublished":"2025-09-26T01:44:06+00:00","dateModified":"2025-10-29T00:30:09+00:00","description":"Equipped with auto focus system, Aolang laser machine can adapt to different plywood thicknesses and complete multiple cutting seams at one time.","breadcrumb":{"@id":"https:\/\/aolanglasers.com\/product\/laser-die-board-cutting-machine\/#breadcrumb"},"inLanguage":"pl-PL","potentialAction":[{"@type":"ReadAction","target":["https:\/\/aolanglasers.com\/product\/laser-die-board-cutting-machine\/"]}]},{"@type":"ImageObject","inLanguage":"pl-PL","@id":"https:\/\/aolanglasers.com\/product\/laser-die-board-cutting-machine\/#primaryimage","url":"https:\/\/aolanglasers.com\/wp-content\/uploads\/2025\/09\/cross-table-laser-die-cutting-machine.webp","contentUrl":"https:\/\/aolanglasers.com\/wp-content\/uploads\/2025\/09\/cross-table-laser-die-cutting-machine.webp","width":1152,"height":864,"caption":"cross table laser die cutting machine"},{"@type":"BreadcrumbList","@id":"https:\/\/aolanglasers.com\/product\/laser-die-board-cutting-machine\/#breadcrumb","itemListElement":[{"@type":"ListItem","position":1,"name":"\u9996\u9875","item":"https:\/\/aolanglasers.com\/"},{"@type":"ListItem","position":2,"name":"Products","item":"https:\/\/aolanglasers.com\/shop\/"},{"@type":"ListItem","position":3,"name":"Cross Table Laser Die Board Cutting Machine"}]},{"@type":"WebSite","@id":"https:\/\/aolanglasers.com\/#website","url":"https:\/\/aolanglasers.com\/","name":"aolanglasers.com","description":"Aolang Laser is a professional CO\u2082 laser cutting machine manufacturer &amp; supplier. We specialize in manufacturing, supplying, and servicing laser die cutting machine, laser die board cutting machine, plywood laser cutting machine, PVC laser cutting machine, acrylic laser cutting machine, MDF laser cutting machine, and laser engraving machine.","publisher":{"@id":"https:\/\/aolanglasers.com\/#organization"},"potentialAction":[{"@type":"SearchAction","target":{"@type":"EntryPoint","urlTemplate":"https:\/\/aolanglasers.com\/?s={search_term_string}"},"query-input":{"@type":"PropertyValueSpecification","valueRequired":true,"valueName":"search_term_string"}}],"inLanguage":"pl-PL"},{"@type":"Organization","@id":"https:\/\/aolanglasers.com\/#organization","name":"aolanglasers.com","url":"https:\/\/aolanglasers.com\/","logo":{"@type":"ImageObject","inLanguage":"pl-PL","@id":"https:\/\/aolanglasers.com\/#\/schema\/logo\/image\/","url":"https:\/\/aolanglasers.com\/wp-content\/uploads\/2025\/08\/\u5fae\u4fe1\u56fe\u7247_20250820110444_286-e1755866941286.jpg","contentUrl":"https:\/\/aolanglasers.com\/wp-content\/uploads\/2025\/08\/\u5fae\u4fe1\u56fe\u7247_20250820110444_286-e1755866941286.jpg","width":807,"height":648,"caption":"aolanglasers.com"},"image":{"@id":"https:\/\/aolanglasers.com\/#\/schema\/logo\/image\/"}}]}},"_links":{"self":[{"href":"https:\/\/aolanglasers.com\/pl\/wp-json\/wp\/v2\/product\/1531","targetHints":{"allow":["GET"]}}],"collection":[{"href":"https:\/\/aolanglasers.com\/pl\/wp-json\/wp\/v2\/product"}],"about":[{"href":"https:\/\/aolanglasers.com\/pl\/wp-json\/wp\/v2\/types\/product"}],"replies":[{"embeddable":true,"href":"https:\/\/aolanglasers.com\/pl\/wp-json\/wp\/v2\/comments?post=1531"}],"wp:featuredmedia":[{"embeddable":true,"href":"https:\/\/aolanglasers.com\/pl\/wp-json\/wp\/v2\/media\/2753"}],"wp:attachment":[{"href":"https:\/\/aolanglasers.com\/pl\/wp-json\/wp\/v2\/media?parent=1531"}],"wp:term":[{"taxonomy":"product_brand","embeddable":true,"href":"https:\/\/aolanglasers.com\/pl\/wp-json\/wp\/v2\/product_brand?post=1531"},{"taxonomy":"product_cat","embeddable":true,"href":"https:\/\/aolanglasers.com\/pl\/wp-json\/wp\/v2\/product_cat?post=1531"},{"taxonomy":"product_tag","embeddable":true,"href":"https:\/\/aolanglasers.com\/pl\/wp-json\/wp\/v2\/product_tag?post=1531"}],"curies":[{"name":"wp","href":"https:\/\/api.w.org\/{rel}","templated":true}]}}