{"id":1526,"date":"2025-09-26T09:06:31","date_gmt":"2025-09-26T01:06:31","guid":{"rendered":"https:\/\/aolanglasers.com\/?post_type=product&#038;p=1526"},"modified":"2025-10-20T10:24:33","modified_gmt":"2025-10-20T02:24:33","slug":"mdf-laser-cutting-machine","status":"publish","type":"product","link":"https:\/\/aolanglasers.com\/hu\/termek\/mdf-laser-cutting-machine\/","title":{"rendered":"MDF l\u00e9zerv\u00e1g\u00f3 g\u00e9p"},"content":{"rendered":"<table>\n<tbody>\n<tr>\n<td>Modell<\/td>\n<td>AL-GM600-1325<\/td>\n<\/tr>\n<tr>\n<td>G\u00e9pszerkezet<\/td>\n<td>Gantry t\u00edpus<\/td>\n<\/tr>\n<tr>\n<td>L\u00e9zer \u00fatvonal<\/td>\n<td>Rep\u00fcl\u0151 l\u00e9zer \u00fatvonal<\/td>\n<\/tr>\n<tr>\n<td>L\u00e9zerforr\u00e1s<\/td>\n<td>CO\u2082 lez\u00e1rt l\u00e9zercs\u0151<\/td>\n<\/tr>\n<tr>\n<td>Munkater\u00fclet<\/td>\n<td>1300mm \u00d7 2500mm (4ft \u00d7 8ft)<\/td>\n<\/tr>\n<tr>\n<td>V\u00e1g\u00e1si pontoss\u00e1g<\/td>\n<td>\u00b10,05mm<\/td>\n<\/tr>\n<tr>\n<td>V\u00e1g\u00e1si m\u00e9lys\u00e9g<\/td>\n<td>\u226425mm<\/td>\n<\/tr>\n<tr>\n<td>V\u00e1g\u00e1si sebess\u00e9g<\/td>\n<td>Kb. 60 mm\/s (9 mm-es MDF eset\u00e9n)<\/td>\n<\/tr>\n<tr>\n<td>\u00dczemi h\u0151m\u00e9rs\u00e9klet<\/td>\n<td>0-45\u00b0C<\/td>\n<\/tr>\n<tr>\n<td>T\u00e1pegys\u00e9g<\/td>\n<td>Egyf\u00e1zis\u00fa 220V\u00b110%, 50Hz (szabv\u00e1ny)<\/td>\n<\/tr>\n<tr>\n<td>Numerikus vez\u00e9rl\u0151panel<\/td>\n<td>LCD k\u00e9perny\u0151 Light-Touch billenty\u0171zettel<\/td>\n<\/tr>\n<tr>\n<td>Grafikus form\u00e1tum<\/td>\n<td>DXF, PLT, BMP, JPG, GIF, TIF, CDR, AI, DXF, PLT, BMP, JPG, GIF, TIF, CDR, AI<\/td>\n<\/tr>\n<tr>\n<td>Meghajt\u00f3 t\u00edpusa<\/td>\n<td>Import\u00e1lt vezet\u0151s\u00ednek \u00e9s goly\u00f3scsavarok (Tajvan)<\/td>\n<\/tr>\n<tr>\n<td>H\u0171t\u00e9s t\u00edpusa<\/td>\n<td>V\u00edzh\u0171t\u00e9s (tiszta vizet haszn\u00e1ljon; t\u00e9len adjon hozz\u00e1 fagy\u00e1ll\u00f3 folyad\u00e9kot)<\/td>\n<\/tr>\n<tr>\n<td>Brutt\u00f3 teljes\u00edtm\u00e9ny<\/td>\n<td>5kW<\/td>\n<\/tr>\n<tr>\n<td>Fogy\u00f3eszk\u00f6z\u00f6k<\/td>\n<td>L\u00e9zercs\u0151, lencse, visszaver\u0151 t\u00fck\u00f6r, kimeneti t\u00fck\u00f6r<\/td>\n<\/tr>\n<tr>\n<td>Asszisztensi felszerel\u00e9s (ingyenes)<\/td>\n<td>V\u00edzh\u0171t\u0151, ipari f\u00fav\u00f3ka<\/td>\n<\/tr>\n<tr>\n<td>G\u00e9pm\u00e9ret (k\u00e9szenl\u00e9ti \u00e1llapotban)<\/td>\n<td>4200mm \u00d7 2300mm \u00d7 1600mm<\/td>\n<\/tr>\n<tr>\n<td>G\u00e9pm\u00e9ret (munka)<\/td>\n<td>4500mm \u00d7 2300mm \u00d7 1600mm<\/td>\n<\/tr>\n<tr>\n<td>Brutt\u00f3 t\u00f6meg<\/td>\n<td>1800kg<\/td>\n<\/tr>\n<\/tbody>\n<\/table>","protected":false},"excerpt":{"rendered":"<p>Az AL-GM600-1325 MDF l\u00e9zerv\u00e1g\u00f3 g\u00e9pet kifejezetten a m\u0171v\u00e9szeti keret, a fali dekor\u00e1ci\u00f3s fest\u00e9s \u00e9s a filmst\u00fadi\u00f3 ut\u00f3munka-ipar sz\u00e1m\u00e1ra tervezt\u00e9k.<\/p>\n<p>https:\/\/youtu.be\/ZhVMod4f-K8?si=mQSMHobGRTNb1jmH<\/p>","protected":false},"featured_media":2745,"comment_status":"open","ping_status":"closed","template":"","meta":{"_acf_changed":false},"product_brand":[],"product_cat":[26],"product_tag":[],"class_list":{"0":"post-1526","1":"product","2":"type-product","3":"status-publish","4":"has-post-thumbnail","6":"product_cat-mdf-laser-cutting-machine","8":"first","9":"instock","10":"shipping-taxable","11":"product-type-simple"},"acf":[],"yoast_head":"<!-- This site is optimized with the Yoast SEO plugin v26.0 - https:\/\/yoast.com\/wordpress\/plugins\/seo\/ -->\n<title>MDF Laser Cutting Machine - Aolang Laser<\/title>\n<meta name=\"description\" content=\"AL-GM600-1325 MDF laser cutting machine is specifically engineered for the art frame, wall decorative painting and film studio post production industry.\" \/>\n<meta name=\"robots\" content=\"index, follow, max-snippet:-1, max-image-preview:large, max-video-preview:-1\" \/>\n<link rel=\"canonical\" href=\"https:\/\/aolanglasers.com\/hu\/termek\/mdf-laser-cutting-machine\/\" \/>\n<meta property=\"og:locale\" content=\"hu_HU\" \/>\n<meta property=\"og:type\" content=\"article\" \/>\n<meta property=\"og:title\" content=\"MDF Laser Cutting Machine - Aolang Laser\" \/>\n<meta property=\"og:description\" content=\"AL-GM600-1325 MDF laser cutting machine is specifically engineered for the art frame, wall decorative painting and film studio post production industry.\" \/>\n<meta property=\"og:url\" content=\"https:\/\/aolanglasers.com\/hu\/termek\/mdf-laser-cutting-machine\/\" \/>\n<meta property=\"og:site_name\" content=\"Aolang Laser\" \/>\n<meta property=\"article:modified_time\" content=\"2025-10-20T02:24:33+00:00\" \/>\n<meta property=\"og:image\" content=\"https:\/\/aolanglasers.com\/wp-content\/uploads\/2025\/10\/600w-mdf-laser-cutting-machine.webp\" \/>\n\t<meta property=\"og:image:width\" content=\"1312\" \/>\n\t<meta property=\"og:image:height\" content=\"736\" \/>\n\t<meta property=\"og:image:type\" content=\"image\/webp\" \/>\n<meta name=\"twitter:card\" content=\"summary_large_image\" \/>\n<meta name=\"twitter:label1\" content=\"Becs\u00fclt olvas\u00e1si id\u0151\" \/>\n\t<meta name=\"twitter:data1\" content=\"1 perc\" \/>\n<script type=\"application\/ld+json\" class=\"yoast-schema-graph\">{\"@context\":\"https:\/\/schema.org\",\"@graph\":[{\"@type\":\"WebPage\",\"@id\":\"https:\/\/aolanglasers.com\/product\/mdf-laser-cutting-machine\/\",\"url\":\"https:\/\/aolanglasers.com\/product\/mdf-laser-cutting-machine\/\",\"name\":\"MDF Laser Cutting Machine - Aolang Laser\",\"isPartOf\":{\"@id\":\"https:\/\/aolanglasers.com\/#website\"},\"primaryImageOfPage\":{\"@id\":\"https:\/\/aolanglasers.com\/product\/mdf-laser-cutting-machine\/#primaryimage\"},\"image\":{\"@id\":\"https:\/\/aolanglasers.com\/product\/mdf-laser-cutting-machine\/#primaryimage\"},\"thumbnailUrl\":\"https:\/\/aolanglasers.com\/wp-content\/uploads\/2025\/10\/600w-mdf-laser-cutting-machine.webp\",\"datePublished\":\"2025-09-26T01:06:31+00:00\",\"dateModified\":\"2025-10-20T02:24:33+00:00\",\"description\":\"AL-GM600-1325 MDF laser cutting machine is specifically engineered for the art frame, wall decorative painting and film studio post production industry.\",\"breadcrumb\":{\"@id\":\"https:\/\/aolanglasers.com\/product\/mdf-laser-cutting-machine\/#breadcrumb\"},\"inLanguage\":\"hu\",\"potentialAction\":[{\"@type\":\"ReadAction\",\"target\":[\"https:\/\/aolanglasers.com\/product\/mdf-laser-cutting-machine\/\"]}]},{\"@type\":\"ImageObject\",\"inLanguage\":\"hu\",\"@id\":\"https:\/\/aolanglasers.com\/product\/mdf-laser-cutting-machine\/#primaryimage\",\"url\":\"https:\/\/aolanglasers.com\/wp-content\/uploads\/2025\/10\/600w-mdf-laser-cutting-machine.webp\",\"contentUrl\":\"https:\/\/aolanglasers.com\/wp-content\/uploads\/2025\/10\/600w-mdf-laser-cutting-machine.webp\",\"width\":1312,\"height\":736,\"caption\":\"600w mdf laser cutting machine\"},{\"@type\":\"BreadcrumbList\",\"@id\":\"https:\/\/aolanglasers.com\/product\/mdf-laser-cutting-machine\/#breadcrumb\",\"itemListElement\":[{\"@type\":\"ListItem\",\"position\":1,\"name\":\"\u9996\u9875\",\"item\":\"https:\/\/aolanglasers.com\/\"},{\"@type\":\"ListItem\",\"position\":2,\"name\":\"Products\",\"item\":\"https:\/\/aolanglasers.com\/shop\/\"},{\"@type\":\"ListItem\",\"position\":3,\"name\":\"MDF Laser Cutting Machine\"}]},{\"@type\":\"WebSite\",\"@id\":\"https:\/\/aolanglasers.com\/#website\",\"url\":\"https:\/\/aolanglasers.com\/\",\"name\":\"aolanglasers.com\",\"description\":\"Aolang Laser is a professional CO\u2082 laser cutting machine manufacturer &amp; supplier. We specialize in manufacturing, supplying, and servicing laser die cutting machine, laser die board cutting machine, plywood laser cutting machine, PVC laser cutting machine, acrylic laser cutting machine, MDF laser cutting machine, and laser engraving machine.\",\"publisher\":{\"@id\":\"https:\/\/aolanglasers.com\/#organization\"},\"potentialAction\":[{\"@type\":\"SearchAction\",\"target\":{\"@type\":\"EntryPoint\",\"urlTemplate\":\"https:\/\/aolanglasers.com\/?s={search_term_string}\"},\"query-input\":{\"@type\":\"PropertyValueSpecification\",\"valueRequired\":true,\"valueName\":\"search_term_string\"}}],\"inLanguage\":\"hu\"},{\"@type\":\"Organization\",\"@id\":\"https:\/\/aolanglasers.com\/#organization\",\"name\":\"aolanglasers.com\",\"url\":\"https:\/\/aolanglasers.com\/\",\"logo\":{\"@type\":\"ImageObject\",\"inLanguage\":\"hu\",\"@id\":\"https:\/\/aolanglasers.com\/#\/schema\/logo\/image\/\",\"url\":\"https:\/\/aolanglasers.com\/wp-content\/uploads\/2025\/08\/\u5fae\u4fe1\u56fe\u7247_20250820110444_286-e1755866941286.jpg\",\"contentUrl\":\"https:\/\/aolanglasers.com\/wp-content\/uploads\/2025\/08\/\u5fae\u4fe1\u56fe\u7247_20250820110444_286-e1755866941286.jpg\",\"width\":807,\"height\":648,\"caption\":\"aolanglasers.com\"},\"image\":{\"@id\":\"https:\/\/aolanglasers.com\/#\/schema\/logo\/image\/\"}}]}<\/script>\n<!-- \/ Yoast SEO plugin. -->","yoast_head_json":{"title":"MDF Laser Cutting Machine - Aolang Laser","description":"Az AL-GM600-1325 MDF l\u00e9zerv\u00e1g\u00f3 g\u00e9pet kifejezetten a m\u0171v\u00e9szeti keret, a fali dekor\u00e1ci\u00f3s fest\u00e9s \u00e9s a filmst\u00fadi\u00f3 ut\u00f3munka-ipar sz\u00e1m\u00e1ra tervezt\u00e9k.","robots":{"index":"index","follow":"follow","max-snippet":"max-snippet:-1","max-image-preview":"max-image-preview:large","max-video-preview":"max-video-preview:-1"},"canonical":"https:\/\/aolanglasers.com\/hu\/termek\/mdf-laser-cutting-machine\/","og_locale":"hu_HU","og_type":"article","og_title":"MDF Laser Cutting Machine - Aolang Laser","og_description":"AL-GM600-1325 MDF laser cutting machine is specifically engineered for the art frame, wall decorative painting and film studio post production industry.","og_url":"https:\/\/aolanglasers.com\/hu\/termek\/mdf-laser-cutting-machine\/","og_site_name":"Aolang Laser","article_modified_time":"2025-10-20T02:24:33+00:00","og_image":[{"width":1312,"height":736,"url":"https:\/\/aolanglasers.com\/wp-content\/uploads\/2025\/10\/600w-mdf-laser-cutting-machine.webp","type":"image\/webp"}],"twitter_card":"summary_large_image","twitter_misc":{"Becs\u00fclt olvas\u00e1si id\u0151":"1 perc"},"schema":{"@context":"https:\/\/schema.org","@graph":[{"@type":"WebPage","@id":"https:\/\/aolanglasers.com\/product\/mdf-laser-cutting-machine\/","url":"https:\/\/aolanglasers.com\/product\/mdf-laser-cutting-machine\/","name":"MDF Laser Cutting Machine - Aolang Laser","isPartOf":{"@id":"https:\/\/aolanglasers.com\/#website"},"primaryImageOfPage":{"@id":"https:\/\/aolanglasers.com\/product\/mdf-laser-cutting-machine\/#primaryimage"},"image":{"@id":"https:\/\/aolanglasers.com\/product\/mdf-laser-cutting-machine\/#primaryimage"},"thumbnailUrl":"https:\/\/aolanglasers.com\/wp-content\/uploads\/2025\/10\/600w-mdf-laser-cutting-machine.webp","datePublished":"2025-09-26T01:06:31+00:00","dateModified":"2025-10-20T02:24:33+00:00","description":"Az AL-GM600-1325 MDF l\u00e9zerv\u00e1g\u00f3 g\u00e9pet kifejezetten a m\u0171v\u00e9szeti keret, a fali dekor\u00e1ci\u00f3s fest\u00e9s \u00e9s a filmst\u00fadi\u00f3 ut\u00f3munka-ipar sz\u00e1m\u00e1ra tervezt\u00e9k.","breadcrumb":{"@id":"https:\/\/aolanglasers.com\/product\/mdf-laser-cutting-machine\/#breadcrumb"},"inLanguage":"hu","potentialAction":[{"@type":"ReadAction","target":["https:\/\/aolanglasers.com\/product\/mdf-laser-cutting-machine\/"]}]},{"@type":"ImageObject","inLanguage":"hu","@id":"https:\/\/aolanglasers.com\/product\/mdf-laser-cutting-machine\/#primaryimage","url":"https:\/\/aolanglasers.com\/wp-content\/uploads\/2025\/10\/600w-mdf-laser-cutting-machine.webp","contentUrl":"https:\/\/aolanglasers.com\/wp-content\/uploads\/2025\/10\/600w-mdf-laser-cutting-machine.webp","width":1312,"height":736,"caption":"600w mdf laser cutting machine"},{"@type":"BreadcrumbList","@id":"https:\/\/aolanglasers.com\/product\/mdf-laser-cutting-machine\/#breadcrumb","itemListElement":[{"@type":"ListItem","position":1,"name":"\u9996\u9875","item":"https:\/\/aolanglasers.com\/"},{"@type":"ListItem","position":2,"name":"Products","item":"https:\/\/aolanglasers.com\/shop\/"},{"@type":"ListItem","position":3,"name":"MDF Laser Cutting Machine"}]},{"@type":"WebSite","@id":"https:\/\/aolanglasers.com\/#website","url":"https:\/\/aolanglasers.com\/","name":"aolanglasers.com","description":"Aolang Laser is a professional CO\u2082 laser cutting machine manufacturer &amp; supplier. We specialize in manufacturing, supplying, and servicing laser die cutting machine, laser die board cutting machine, plywood laser cutting machine, PVC laser cutting machine, acrylic laser cutting machine, MDF laser cutting machine, and laser engraving machine.","publisher":{"@id":"https:\/\/aolanglasers.com\/#organization"},"potentialAction":[{"@type":"SearchAction","target":{"@type":"EntryPoint","urlTemplate":"https:\/\/aolanglasers.com\/?s={search_term_string}"},"query-input":{"@type":"PropertyValueSpecification","valueRequired":true,"valueName":"search_term_string"}}],"inLanguage":"hu"},{"@type":"Organization","@id":"https:\/\/aolanglasers.com\/#organization","name":"aolanglasers.com","url":"https:\/\/aolanglasers.com\/","logo":{"@type":"ImageObject","inLanguage":"hu","@id":"https:\/\/aolanglasers.com\/#\/schema\/logo\/image\/","url":"https:\/\/aolanglasers.com\/wp-content\/uploads\/2025\/08\/\u5fae\u4fe1\u56fe\u7247_20250820110444_286-e1755866941286.jpg","contentUrl":"https:\/\/aolanglasers.com\/wp-content\/uploads\/2025\/08\/\u5fae\u4fe1\u56fe\u7247_20250820110444_286-e1755866941286.jpg","width":807,"height":648,"caption":"aolanglasers.com"},"image":{"@id":"https:\/\/aolanglasers.com\/#\/schema\/logo\/image\/"}}]}},"_links":{"self":[{"href":"https:\/\/aolanglasers.com\/hu\/wp-json\/wp\/v2\/product\/1526","targetHints":{"allow":["GET"]}}],"collection":[{"href":"https:\/\/aolanglasers.com\/hu\/wp-json\/wp\/v2\/product"}],"about":[{"href":"https:\/\/aolanglasers.com\/hu\/wp-json\/wp\/v2\/types\/product"}],"replies":[{"embeddable":true,"href":"https:\/\/aolanglasers.com\/hu\/wp-json\/wp\/v2\/comments?post=1526"}],"wp:featuredmedia":[{"embeddable":true,"href":"https:\/\/aolanglasers.com\/hu\/wp-json\/wp\/v2\/media\/2745"}],"wp:attachment":[{"href":"https:\/\/aolanglasers.com\/hu\/wp-json\/wp\/v2\/media?parent=1526"}],"wp:term":[{"taxonomy":"product_brand","embeddable":true,"href":"https:\/\/aolanglasers.com\/hu\/wp-json\/wp\/v2\/product_brand?post=1526"},{"taxonomy":"product_cat","embeddable":true,"href":"https:\/\/aolanglasers.com\/hu\/wp-json\/wp\/v2\/product_cat?post=1526"},{"taxonomy":"product_tag","embeddable":true,"href":"https:\/\/aolanglasers.com\/hu\/wp-json\/wp\/v2\/product_tag?post=1526"}],"curies":[{"name":"wp","href":"https:\/\/api.w.org\/{rel}","templated":true}]}}