{"id":1531,"date":"2025-09-26T09:44:06","date_gmt":"2025-09-26T01:44:06","guid":{"rendered":"https:\/\/aolanglasers.com\/?post_type=product&#038;p=1531"},"modified":"2025-10-29T08:30:09","modified_gmt":"2025-10-29T00:30:09","slug":"laser-die-board-cutting-machine","status":"publish","type":"product","link":"https:\/\/aolanglasers.com\/fr\/produit\/laser-die-board-cutting-machine\/","title":{"rendered":"Cross Table Laser Die Board Cutting Machine"},"content":{"rendered":"<table>\n<tbody>\n<tr>\n<td>Mod\u00e8le<\/td>\n<td>AL-CT600-1218<\/td>\n<\/tr>\n<tr>\n<td>Structure de la machine<\/td>\n<td>Cross Table<\/td>\n<\/tr>\n<tr>\n<td>Trajectoire du laser<\/td>\n<td>Fixed Optical Path<\/td>\n<\/tr>\n<tr>\n<td>Source laser<\/td>\n<td>CO\u2082 Tube laser scell\u00e9<\/td>\n<\/tr>\n<tr>\n<td>Zone de travail<\/td>\n<td>1200mm \u00d7 1800mm (4ft \u00d7 6ft)<\/td>\n<\/tr>\n<tr>\n<td>Pr\u00e9cision de coupe<\/td>\n<td>\u00b10,05 mm<\/td>\n<\/tr>\n<tr>\n<td>Profondeur de coupe<\/td>\n<td>\u226425mm<\/td>\n<\/tr>\n<tr>\n<td>Blade Thickness<\/td>\n<td>0.45mm (1.3pt), 0.53mm (1.5pt), 0.71mm (2pt), 1.07mm (3pt), 1.42mm (4pt), etc.<\/td>\n<\/tr>\n<tr>\n<td>Vitesse de coupe<\/td>\n<td>Approx. 36\u201346 m\/h (for 18mm plywood)<\/td>\n<\/tr>\n<tr>\n<td>Temp\u00e9rature de fonctionnement<\/td>\n<td>0-45\u00b0C<\/td>\n<\/tr>\n<tr>\n<td>Alimentation \u00e9lectrique<\/td>\n<td>Monophas\u00e9 220V\u00b110%, 50Hz (standard)<\/td>\n<\/tr>\n<tr>\n<td>Panneau de commande num\u00e9rique<\/td>\n<td>\u00c9cran LCD avec panneau de touches \u00e0 effleurement<\/td>\n<\/tr>\n<tr>\n<td>Format graphique<\/td>\n<td>DXF, PLT, BMP, JPG, GIF, TIF, CDR, AI<\/td>\n<\/tr>\n<tr>\n<td>Type d'entra\u00eenement<\/td>\n<td>Rails de guidage et vis \u00e0 billes import\u00e9s (Ta\u00efwan)<\/td>\n<\/tr>\n<tr>\n<td>Type de refroidissement<\/td>\n<td>Refroidissement par eau (utiliser de l'eau pure ; ajouter de l'antigel en hiver)<\/td>\n<\/tr>\n<tr>\n<td>Puissance brute<\/td>\n<td>5kW<\/td>\n<\/tr>\n<tr>\n<td>Consommables<\/td>\n<td>Tube laser, lentille, miroir r\u00e9fl\u00e9chissant, miroir de sortie<\/td>\n<\/tr>\n<tr>\n<td>\u00c9quipement de l'assistant (gratuit)<\/td>\n<td>Water\u00a0Chiller, Industrial Blower, Computer<\/td>\n<\/tr>\n<tr>\n<td>Taille de la machine (en attente)<\/td>\n<td>4200mm \u00d7 4500mm \u00d7 1600mm<\/td>\n<\/tr>\n<tr>\n<td>Taille de la machine (travail)<\/td>\n<td>5000mm \u00d7 5000mm \u00d7 1600mm<\/td>\n<\/tr>\n<tr>\n<td>Poids brut<\/td>\n<td>2200kg<\/td>\n<\/tr>\n<\/tbody>\n<\/table>\n<p>&nbsp;<\/p>","protected":false},"excerpt":{"rendered":"<p>400W 600W 800W\u00a0cross table laser die cutting machine is a classic model which adopts cross table structure and fixed laser head design, delivering stable performance and higher cutting accuracy.<\/p>\n<p>https:\/\/youtu.be\/ERfTi5svKAs?si=FA8K_Vqxom_XgQHf<\/p>","protected":false},"featured_media":2753,"comment_status":"open","ping_status":"closed","template":"","meta":{"_acf_changed":false},"product_brand":[],"product_cat":[24],"product_tag":[],"class_list":{"0":"post-1531","1":"product","2":"type-product","3":"status-publish","4":"has-post-thumbnail","6":"product_cat-laser-die-cutting-machine","8":"first","9":"instock","10":"shipping-taxable","11":"product-type-simple"},"acf":[],"yoast_head":"<!-- This site is optimized with the Yoast SEO plugin v26.0 - https:\/\/yoast.com\/wordpress\/plugins\/seo\/ -->\n<title>Cross Table Laser Die Board Cutting Machine<\/title>\n<meta name=\"description\" content=\"Equipped with auto focus system, Aolang laser machine can adapt to different plywood thicknesses and complete multiple cutting seams at one time.\" \/>\n<meta name=\"robots\" content=\"index, follow, max-snippet:-1, max-image-preview:large, max-video-preview:-1\" \/>\n<link rel=\"canonical\" href=\"https:\/\/aolanglasers.com\/fr\/produit\/laser-die-board-cutting-machine\/\" \/>\n<meta property=\"og:locale\" content=\"fr_FR\" \/>\n<meta property=\"og:type\" content=\"article\" \/>\n<meta property=\"og:title\" content=\"Cross Table Laser Die Board Cutting Machine\" \/>\n<meta property=\"og:description\" content=\"Equipped with auto focus system, Aolang laser machine can adapt to different plywood thicknesses and complete multiple cutting seams at one time.\" \/>\n<meta property=\"og:url\" content=\"https:\/\/aolanglasers.com\/fr\/produit\/laser-die-board-cutting-machine\/\" \/>\n<meta property=\"og:site_name\" content=\"Aolang Laser\" \/>\n<meta property=\"article:modified_time\" content=\"2025-10-29T00:30:09+00:00\" \/>\n<meta property=\"og:image\" content=\"https:\/\/aolanglasers.com\/wp-content\/uploads\/2025\/09\/cross-table-laser-die-cutting-machine.webp\" \/>\n\t<meta property=\"og:image:width\" content=\"1152\" \/>\n\t<meta property=\"og:image:height\" content=\"864\" \/>\n\t<meta property=\"og:image:type\" content=\"image\/webp\" \/>\n<meta name=\"twitter:card\" content=\"summary_large_image\" \/>\n<meta name=\"twitter:label1\" content=\"Dur\u00e9e de lecture estim\u00e9e\" \/>\n\t<meta name=\"twitter:data1\" content=\"1 minute\" \/>\n<script type=\"application\/ld+json\" class=\"yoast-schema-graph\">{\"@context\":\"https:\/\/schema.org\",\"@graph\":[{\"@type\":\"WebPage\",\"@id\":\"https:\/\/aolanglasers.com\/product\/laser-die-board-cutting-machine\/\",\"url\":\"https:\/\/aolanglasers.com\/product\/laser-die-board-cutting-machine\/\",\"name\":\"Cross Table Laser Die Board Cutting Machine\",\"isPartOf\":{\"@id\":\"https:\/\/aolanglasers.com\/#website\"},\"primaryImageOfPage\":{\"@id\":\"https:\/\/aolanglasers.com\/product\/laser-die-board-cutting-machine\/#primaryimage\"},\"image\":{\"@id\":\"https:\/\/aolanglasers.com\/product\/laser-die-board-cutting-machine\/#primaryimage\"},\"thumbnailUrl\":\"https:\/\/aolanglasers.com\/wp-content\/uploads\/2025\/09\/cross-table-laser-die-cutting-machine.webp\",\"datePublished\":\"2025-09-26T01:44:06+00:00\",\"dateModified\":\"2025-10-29T00:30:09+00:00\",\"description\":\"Equipped with auto focus system, Aolang laser machine can adapt to different plywood thicknesses and complete multiple cutting seams at one time.\",\"breadcrumb\":{\"@id\":\"https:\/\/aolanglasers.com\/product\/laser-die-board-cutting-machine\/#breadcrumb\"},\"inLanguage\":\"fr-FR\",\"potentialAction\":[{\"@type\":\"ReadAction\",\"target\":[\"https:\/\/aolanglasers.com\/product\/laser-die-board-cutting-machine\/\"]}]},{\"@type\":\"ImageObject\",\"inLanguage\":\"fr-FR\",\"@id\":\"https:\/\/aolanglasers.com\/product\/laser-die-board-cutting-machine\/#primaryimage\",\"url\":\"https:\/\/aolanglasers.com\/wp-content\/uploads\/2025\/09\/cross-table-laser-die-cutting-machine.webp\",\"contentUrl\":\"https:\/\/aolanglasers.com\/wp-content\/uploads\/2025\/09\/cross-table-laser-die-cutting-machine.webp\",\"width\":1152,\"height\":864,\"caption\":\"cross table laser die cutting machine\"},{\"@type\":\"BreadcrumbList\",\"@id\":\"https:\/\/aolanglasers.com\/product\/laser-die-board-cutting-machine\/#breadcrumb\",\"itemListElement\":[{\"@type\":\"ListItem\",\"position\":1,\"name\":\"\u9996\u9875\",\"item\":\"https:\/\/aolanglasers.com\/\"},{\"@type\":\"ListItem\",\"position\":2,\"name\":\"Products\",\"item\":\"https:\/\/aolanglasers.com\/shop\/\"},{\"@type\":\"ListItem\",\"position\":3,\"name\":\"Cross Table Laser Die Board Cutting Machine\"}]},{\"@type\":\"WebSite\",\"@id\":\"https:\/\/aolanglasers.com\/#website\",\"url\":\"https:\/\/aolanglasers.com\/\",\"name\":\"aolanglasers.com\",\"description\":\"Aolang Laser is a professional CO\u2082 laser cutting machine manufacturer &amp; supplier. We specialize in manufacturing, supplying, and servicing laser die cutting machine, laser die board cutting machine, plywood laser cutting machine, PVC laser cutting machine, acrylic laser cutting machine, MDF laser cutting machine, and laser engraving machine.\",\"publisher\":{\"@id\":\"https:\/\/aolanglasers.com\/#organization\"},\"potentialAction\":[{\"@type\":\"SearchAction\",\"target\":{\"@type\":\"EntryPoint\",\"urlTemplate\":\"https:\/\/aolanglasers.com\/?s={search_term_string}\"},\"query-input\":{\"@type\":\"PropertyValueSpecification\",\"valueRequired\":true,\"valueName\":\"search_term_string\"}}],\"inLanguage\":\"fr-FR\"},{\"@type\":\"Organization\",\"@id\":\"https:\/\/aolanglasers.com\/#organization\",\"name\":\"aolanglasers.com\",\"url\":\"https:\/\/aolanglasers.com\/\",\"logo\":{\"@type\":\"ImageObject\",\"inLanguage\":\"fr-FR\",\"@id\":\"https:\/\/aolanglasers.com\/#\/schema\/logo\/image\/\",\"url\":\"https:\/\/aolanglasers.com\/wp-content\/uploads\/2025\/08\/\u5fae\u4fe1\u56fe\u7247_20250820110444_286-e1755866941286.jpg\",\"contentUrl\":\"https:\/\/aolanglasers.com\/wp-content\/uploads\/2025\/08\/\u5fae\u4fe1\u56fe\u7247_20250820110444_286-e1755866941286.jpg\",\"width\":807,\"height\":648,\"caption\":\"aolanglasers.com\"},\"image\":{\"@id\":\"https:\/\/aolanglasers.com\/#\/schema\/logo\/image\/\"}}]}<\/script>\n<!-- \/ Yoast SEO plugin. -->","yoast_head_json":{"title":"Cross Table Laser Die Board Cutting Machine","description":"Equipped with auto focus system, Aolang laser machine can adapt to different plywood thicknesses and complete multiple cutting seams at one time.","robots":{"index":"index","follow":"follow","max-snippet":"max-snippet:-1","max-image-preview":"max-image-preview:large","max-video-preview":"max-video-preview:-1"},"canonical":"https:\/\/aolanglasers.com\/fr\/produit\/laser-die-board-cutting-machine\/","og_locale":"fr_FR","og_type":"article","og_title":"Cross Table Laser Die Board Cutting Machine","og_description":"Equipped with auto focus system, Aolang laser machine can adapt to different plywood thicknesses and complete multiple cutting seams at one time.","og_url":"https:\/\/aolanglasers.com\/fr\/produit\/laser-die-board-cutting-machine\/","og_site_name":"Aolang Laser","article_modified_time":"2025-10-29T00:30:09+00:00","og_image":[{"width":1152,"height":864,"url":"https:\/\/aolanglasers.com\/wp-content\/uploads\/2025\/09\/cross-table-laser-die-cutting-machine.webp","type":"image\/webp"}],"twitter_card":"summary_large_image","twitter_misc":{"Dur\u00e9e de lecture estim\u00e9e":"1 minute"},"schema":{"@context":"https:\/\/schema.org","@graph":[{"@type":"WebPage","@id":"https:\/\/aolanglasers.com\/product\/laser-die-board-cutting-machine\/","url":"https:\/\/aolanglasers.com\/product\/laser-die-board-cutting-machine\/","name":"Cross Table Laser Die Board Cutting Machine","isPartOf":{"@id":"https:\/\/aolanglasers.com\/#website"},"primaryImageOfPage":{"@id":"https:\/\/aolanglasers.com\/product\/laser-die-board-cutting-machine\/#primaryimage"},"image":{"@id":"https:\/\/aolanglasers.com\/product\/laser-die-board-cutting-machine\/#primaryimage"},"thumbnailUrl":"https:\/\/aolanglasers.com\/wp-content\/uploads\/2025\/09\/cross-table-laser-die-cutting-machine.webp","datePublished":"2025-09-26T01:44:06+00:00","dateModified":"2025-10-29T00:30:09+00:00","description":"Equipped with auto focus system, Aolang laser machine can adapt to different plywood thicknesses and complete multiple cutting seams at one time.","breadcrumb":{"@id":"https:\/\/aolanglasers.com\/product\/laser-die-board-cutting-machine\/#breadcrumb"},"inLanguage":"fr-FR","potentialAction":[{"@type":"ReadAction","target":["https:\/\/aolanglasers.com\/product\/laser-die-board-cutting-machine\/"]}]},{"@type":"ImageObject","inLanguage":"fr-FR","@id":"https:\/\/aolanglasers.com\/product\/laser-die-board-cutting-machine\/#primaryimage","url":"https:\/\/aolanglasers.com\/wp-content\/uploads\/2025\/09\/cross-table-laser-die-cutting-machine.webp","contentUrl":"https:\/\/aolanglasers.com\/wp-content\/uploads\/2025\/09\/cross-table-laser-die-cutting-machine.webp","width":1152,"height":864,"caption":"cross table laser die cutting machine"},{"@type":"BreadcrumbList","@id":"https:\/\/aolanglasers.com\/product\/laser-die-board-cutting-machine\/#breadcrumb","itemListElement":[{"@type":"ListItem","position":1,"name":"\u9996\u9875","item":"https:\/\/aolanglasers.com\/"},{"@type":"ListItem","position":2,"name":"Products","item":"https:\/\/aolanglasers.com\/shop\/"},{"@type":"ListItem","position":3,"name":"Cross Table Laser Die Board Cutting Machine"}]},{"@type":"WebSite","@id":"https:\/\/aolanglasers.com\/#website","url":"https:\/\/aolanglasers.com\/","name":"aolanglasers.com","description":"Aolang Laser est un fabricant et fournisseur professionnel de machines de d\u00e9coupe laser CO\u2082. Nous sommes sp\u00e9cialis\u00e9s dans la fabrication, la fourniture et l'entretien de la machine de d\u00e9coupe laser, de la machine de d\u00e9coupe laser de panneaux, de la machine de d\u00e9coupe laser de contreplaqu\u00e9, de la machine de d\u00e9coupe laser de PVC, de la machine de d\u00e9coupe laser d'acrylique, de la machine de d\u00e9coupe laser de MDF et de la machine de gravure laser.","publisher":{"@id":"https:\/\/aolanglasers.com\/#organization"},"potentialAction":[{"@type":"SearchAction","target":{"@type":"EntryPoint","urlTemplate":"https:\/\/aolanglasers.com\/?s={search_term_string}"},"query-input":{"@type":"PropertyValueSpecification","valueRequired":true,"valueName":"search_term_string"}}],"inLanguage":"fr-FR"},{"@type":"Organization","@id":"https:\/\/aolanglasers.com\/#organization","name":"aolanglasers.com","url":"https:\/\/aolanglasers.com\/","logo":{"@type":"ImageObject","inLanguage":"fr-FR","@id":"https:\/\/aolanglasers.com\/#\/schema\/logo\/image\/","url":"https:\/\/aolanglasers.com\/wp-content\/uploads\/2025\/08\/\u5fae\u4fe1\u56fe\u7247_20250820110444_286-e1755866941286.jpg","contentUrl":"https:\/\/aolanglasers.com\/wp-content\/uploads\/2025\/08\/\u5fae\u4fe1\u56fe\u7247_20250820110444_286-e1755866941286.jpg","width":807,"height":648,"caption":"aolanglasers.com"},"image":{"@id":"https:\/\/aolanglasers.com\/#\/schema\/logo\/image\/"}}]}},"_links":{"self":[{"href":"https:\/\/aolanglasers.com\/fr\/wp-json\/wp\/v2\/product\/1531","targetHints":{"allow":["GET"]}}],"collection":[{"href":"https:\/\/aolanglasers.com\/fr\/wp-json\/wp\/v2\/product"}],"about":[{"href":"https:\/\/aolanglasers.com\/fr\/wp-json\/wp\/v2\/types\/product"}],"replies":[{"embeddable":true,"href":"https:\/\/aolanglasers.com\/fr\/wp-json\/wp\/v2\/comments?post=1531"}],"wp:featuredmedia":[{"embeddable":true,"href":"https:\/\/aolanglasers.com\/fr\/wp-json\/wp\/v2\/media\/2753"}],"wp:attachment":[{"href":"https:\/\/aolanglasers.com\/fr\/wp-json\/wp\/v2\/media?parent=1531"}],"wp:term":[{"taxonomy":"product_brand","embeddable":true,"href":"https:\/\/aolanglasers.com\/fr\/wp-json\/wp\/v2\/product_brand?post=1531"},{"taxonomy":"product_cat","embeddable":true,"href":"https:\/\/aolanglasers.com\/fr\/wp-json\/wp\/v2\/product_cat?post=1531"},{"taxonomy":"product_tag","embeddable":true,"href":"https:\/\/aolanglasers.com\/fr\/wp-json\/wp\/v2\/product_tag?post=1531"}],"curies":[{"name":"wp","href":"https:\/\/api.w.org\/{rel}","templated":true}]}}