{"id":1535,"date":"2025-09-26T11:03:20","date_gmt":"2025-09-26T03:03:20","guid":{"rendered":"https:\/\/aolanglasers.com\/?post_type=product&#038;p=1535"},"modified":"2025-10-16T14:01:51","modified_gmt":"2025-10-16T06:01:51","slug":"laser-cutting-machine-for-plywood","status":"publish","type":"product","link":"https:\/\/aolanglasers.com\/es\/producto\/laser-cutting-machine-for-plywood\/","title":{"rendered":"M\u00e1quina de corte l\u00e1ser para madera contrachapada 1500W 2000W 2500W"},"content":{"rendered":"<table>\n<tbody>\n<tr>\n<td width=\"209\">Modelo<\/td>\n<td width=\"356\">AL-GT1500-1325<\/td>\n<\/tr>\n<tr>\n<td width=\"209\">Estructura de la m\u00e1quina<\/td>\n<td width=\"356\">Tipo de p\u00f3rtico<\/td>\n<\/tr>\n<tr>\n<td width=\"209\">Trayectoria del l\u00e1ser<\/td>\n<td width=\"356\">Trayectoria \u00f3ptica constante<\/td>\n<\/tr>\n<tr>\n<td width=\"209\">Fuente l\u00e1ser<\/td>\n<td width=\"356\">Generador l\u00e1ser<\/td>\n<\/tr>\n<tr>\n<td width=\"209\">\u00c1rea de trabajo (L \u00d7 A)<\/td>\n<td width=\"356\">2500 mm \u00d7 1300 mm (8 pies \u00d7 4 pies)<\/td>\n<\/tr>\n<tr>\n<td width=\"209\">Recorrido del eje X<\/td>\n<td width=\"356\">1300 mm<\/td>\n<\/tr>\n<tr>\n<td width=\"209\">Recorrido del eje Y<\/td>\n<td width=\"356\">2500mm<\/td>\n<\/tr>\n<tr>\n<td width=\"209\">Recorrido del eje Z<\/td>\n<td width=\"356\">150 mm<\/td>\n<\/tr>\n<tr>\n<td width=\"209\">Precisi\u00f3n de posicionamiento de los ejes X e Y<\/td>\n<td width=\"356\">0,03 mm<\/td>\n<\/tr>\n<tr>\n<td width=\"209\">Precisi\u00f3n de posicionamiento de repetici\u00f3n de ejes X, Y<\/td>\n<td width=\"356\">0,01 mm<\/td>\n<\/tr>\n<tr>\n<td width=\"209\">Velocidad de posicionamiento del eje X-Y<\/td>\n<td width=\"356\">12 m\/min<\/td>\n<\/tr>\n<tr>\n<td width=\"209\">Sistema de control num\u00e9rico<\/td>\n<td width=\"356\">PA (Alemania)<\/td>\n<\/tr>\n<tr>\n<td width=\"209\">Tensi\u00f3n de la mesa de trabajo<\/td>\n<td width=\"356\">Monof\u00e1sico 220V, 50Hz<\/td>\n<\/tr>\n<tr>\n<td width=\"209\">Tensi\u00f3n del generador l\u00e1ser<\/td>\n<td width=\"356\">Trif\u00e1sico 380V, 50Hz, 30A<\/td>\n<\/tr>\n<tr>\n<td width=\"209\">Presi\u00f3n de la fuente de aire auxiliar<\/td>\n<td width=\"356\">0,8 Mpa<\/td>\n<\/tr>\n<tr>\n<td width=\"209\">Carga m\u00e1xima de trabajo<\/td>\n<td width=\"356\">200 kg<\/td>\n<\/tr>\n<tr>\n<td width=\"209\">Dimensiones totales de la m\u00e1quina<\/td>\n<td width=\"356\">4,65 m \u00d7 2,3 m \u00d7 1,95 m<\/td>\n<\/tr>\n<tr>\n<td width=\"209\">Peso de la mesa de trabajo<\/td>\n<td width=\"356\">3000kg<\/td>\n<\/tr>\n<tr>\n<td width=\"209\">Peso de la fuente l\u00e1ser<\/td>\n<td width=\"356\">750 kg ~ 900 kg<\/td>\n<\/tr>\n<tr>\n<td width=\"209\">Requisitos de gas del generador l\u00e1ser<\/td>\n<td width=\"356\">He, N\u2082, CO\u2082 (99,99%); O\u2082 (para corte de chapa de hierro).<\/td>\n<\/tr>\n<tr>\n<td width=\"209\">Equipos auxiliares<\/td>\n<td width=\"356\">Compresor de aire, secador y filtro, estabilizador de tensi\u00f3n<\/td>\n<\/tr>\n<\/tbody>\n<\/table>","protected":false},"excerpt":{"rendered":"<p>La troqueladora l\u00e1ser de alta potencia corta eficientemente una amplia gama de materiales, incluyendo tableros troquelados, madera contrachapada, hierro, etc. Cama de trabajo pesada, espacio de piso peque\u00f1o, refector y espejo de enfoque importados, sistema PA de Alemania.<\/p>\n<p>https:\/\/youtu.be\/-W6SXDoLCp4?si=1wNp6orXyTWC_n5e<\/p>\n<p>&nbsp;<\/p>","protected":false},"featured_media":2755,"comment_status":"open","ping_status":"closed","template":"","meta":{"_acf_changed":false},"product_brand":[],"product_cat":[24],"product_tag":[],"class_list":{"0":"post-1535","1":"product","2":"type-product","3":"status-publish","4":"has-post-thumbnail","6":"product_cat-laser-die-cutting-machine","8":"first","9":"instock","10":"shipping-taxable","11":"product-type-simple"},"acf":[],"yoast_head":"<!-- This site is optimized with the Yoast SEO plugin v26.0 - https:\/\/yoast.com\/wordpress\/plugins\/seo\/ -->\n<title>1500W 2000W 2500W Laser Cutting Machine for Plywood<\/title>\n<meta name=\"description\" content=\"High power laser cutter is designed for cutting plywood, die board and thin metal sheet, and is widely used in die making, packaging and printing industry.\" \/>\n<meta name=\"robots\" content=\"index, follow, max-snippet:-1, max-image-preview:large, max-video-preview:-1\" \/>\n<link rel=\"canonical\" href=\"https:\/\/aolanglasers.com\/es\/producto\/laser-cutting-machine-for-plywood\/\" \/>\n<meta property=\"og:locale\" content=\"es_ES\" \/>\n<meta property=\"og:type\" content=\"article\" \/>\n<meta property=\"og:title\" content=\"1500W 2000W 2500W Laser Cutting Machine for Plywood\" \/>\n<meta property=\"og:description\" content=\"High power laser cutter is designed for cutting plywood, die board and thin metal sheet, and is widely used in die making, packaging and printing industry.\" \/>\n<meta property=\"og:url\" content=\"https:\/\/aolanglasers.com\/es\/producto\/laser-cutting-machine-for-plywood\/\" \/>\n<meta property=\"og:site_name\" content=\"Aolang Laser\" \/>\n<meta property=\"article:modified_time\" content=\"2025-10-16T06:01:51+00:00\" \/>\n<meta property=\"og:image\" content=\"https:\/\/aolanglasers.com\/wp-content\/uploads\/2025\/09\/high-power-laser-die-cutting-machine.webp\" \/>\n\t<meta property=\"og:image:width\" content=\"1440\" \/>\n\t<meta property=\"og:image:height\" content=\"1080\" \/>\n\t<meta property=\"og:image:type\" content=\"image\/webp\" \/>\n<meta name=\"twitter:card\" content=\"summary_large_image\" \/>\n<meta name=\"twitter:label1\" content=\"Tiempo de lectura\" \/>\n\t<meta name=\"twitter:data1\" content=\"1 minuto\" \/>\n<script type=\"application\/ld+json\" class=\"yoast-schema-graph\">{\"@context\":\"https:\/\/schema.org\",\"@graph\":[{\"@type\":\"WebPage\",\"@id\":\"https:\/\/aolanglasers.com\/product\/laser-cutting-machine-for-plywood\/\",\"url\":\"https:\/\/aolanglasers.com\/product\/laser-cutting-machine-for-plywood\/\",\"name\":\"1500W 2000W 2500W Laser Cutting Machine for Plywood\",\"isPartOf\":{\"@id\":\"https:\/\/aolanglasers.com\/#website\"},\"primaryImageOfPage\":{\"@id\":\"https:\/\/aolanglasers.com\/product\/laser-cutting-machine-for-plywood\/#primaryimage\"},\"image\":{\"@id\":\"https:\/\/aolanglasers.com\/product\/laser-cutting-machine-for-plywood\/#primaryimage\"},\"thumbnailUrl\":\"https:\/\/aolanglasers.com\/wp-content\/uploads\/2025\/09\/high-power-laser-die-cutting-machine.webp\",\"datePublished\":\"2025-09-26T03:03:20+00:00\",\"dateModified\":\"2025-10-16T06:01:51+00:00\",\"description\":\"High power laser cutter is designed for cutting plywood, die board and thin metal sheet, and is widely used in die making, packaging and printing industry.\",\"breadcrumb\":{\"@id\":\"https:\/\/aolanglasers.com\/product\/laser-cutting-machine-for-plywood\/#breadcrumb\"},\"inLanguage\":\"es\",\"potentialAction\":[{\"@type\":\"ReadAction\",\"target\":[\"https:\/\/aolanglasers.com\/product\/laser-cutting-machine-for-plywood\/\"]}]},{\"@type\":\"ImageObject\",\"inLanguage\":\"es\",\"@id\":\"https:\/\/aolanglasers.com\/product\/laser-cutting-machine-for-plywood\/#primaryimage\",\"url\":\"https:\/\/aolanglasers.com\/wp-content\/uploads\/2025\/09\/high-power-laser-die-cutting-machine.webp\",\"contentUrl\":\"https:\/\/aolanglasers.com\/wp-content\/uploads\/2025\/09\/high-power-laser-die-cutting-machine.webp\",\"width\":1440,\"height\":1080,\"caption\":\"high power laser die cutting machine\"},{\"@type\":\"BreadcrumbList\",\"@id\":\"https:\/\/aolanglasers.com\/product\/laser-cutting-machine-for-plywood\/#breadcrumb\",\"itemListElement\":[{\"@type\":\"ListItem\",\"position\":1,\"name\":\"\u9996\u9875\",\"item\":\"https:\/\/aolanglasers.com\/\"},{\"@type\":\"ListItem\",\"position\":2,\"name\":\"Products\",\"item\":\"https:\/\/aolanglasers.com\/shop\/\"},{\"@type\":\"ListItem\",\"position\":3,\"name\":\"1500W 2000W 2500W Laser Cutting Machine for Plywood\"}]},{\"@type\":\"WebSite\",\"@id\":\"https:\/\/aolanglasers.com\/#website\",\"url\":\"https:\/\/aolanglasers.com\/\",\"name\":\"aolanglasers.com\",\"description\":\"Aolang Laser is a professional CO\u2082 laser cutting machine manufacturer &amp; supplier. We specialize in manufacturing, supplying, and servicing laser die cutting machine, laser die board cutting machine, plywood laser cutting machine, PVC laser cutting machine, acrylic laser cutting machine, MDF laser cutting machine, and laser engraving machine.\",\"publisher\":{\"@id\":\"https:\/\/aolanglasers.com\/#organization\"},\"potentialAction\":[{\"@type\":\"SearchAction\",\"target\":{\"@type\":\"EntryPoint\",\"urlTemplate\":\"https:\/\/aolanglasers.com\/?s={search_term_string}\"},\"query-input\":{\"@type\":\"PropertyValueSpecification\",\"valueRequired\":true,\"valueName\":\"search_term_string\"}}],\"inLanguage\":\"es\"},{\"@type\":\"Organization\",\"@id\":\"https:\/\/aolanglasers.com\/#organization\",\"name\":\"aolanglasers.com\",\"url\":\"https:\/\/aolanglasers.com\/\",\"logo\":{\"@type\":\"ImageObject\",\"inLanguage\":\"es\",\"@id\":\"https:\/\/aolanglasers.com\/#\/schema\/logo\/image\/\",\"url\":\"https:\/\/aolanglasers.com\/wp-content\/uploads\/2025\/08\/\u5fae\u4fe1\u56fe\u7247_20250820110444_286-e1755866941286.jpg\",\"contentUrl\":\"https:\/\/aolanglasers.com\/wp-content\/uploads\/2025\/08\/\u5fae\u4fe1\u56fe\u7247_20250820110444_286-e1755866941286.jpg\",\"width\":807,\"height\":648,\"caption\":\"aolanglasers.com\"},\"image\":{\"@id\":\"https:\/\/aolanglasers.com\/#\/schema\/logo\/image\/\"}}]}<\/script>\n<!-- \/ Yoast SEO plugin. -->","yoast_head_json":{"title":"M\u00e1quina de corte l\u00e1ser para madera contrachapada 1500W 2000W 2500W","description":"High power laser cutter is designed for cutting plywood, die board and thin metal sheet, and is widely used in die making, packaging and printing industry.","robots":{"index":"index","follow":"follow","max-snippet":"max-snippet:-1","max-image-preview":"max-image-preview:large","max-video-preview":"max-video-preview:-1"},"canonical":"https:\/\/aolanglasers.com\/es\/producto\/laser-cutting-machine-for-plywood\/","og_locale":"es_ES","og_type":"article","og_title":"1500W 2000W 2500W Laser Cutting Machine for Plywood","og_description":"High power laser cutter is designed for cutting plywood, die board and thin metal sheet, and is widely used in die making, packaging and printing industry.","og_url":"https:\/\/aolanglasers.com\/es\/producto\/laser-cutting-machine-for-plywood\/","og_site_name":"Aolang Laser","article_modified_time":"2025-10-16T06:01:51+00:00","og_image":[{"width":1440,"height":1080,"url":"https:\/\/aolanglasers.com\/wp-content\/uploads\/2025\/09\/high-power-laser-die-cutting-machine.webp","type":"image\/webp"}],"twitter_card":"summary_large_image","twitter_misc":{"Tiempo de lectura":"1 minuto"},"schema":{"@context":"https:\/\/schema.org","@graph":[{"@type":"WebPage","@id":"https:\/\/aolanglasers.com\/product\/laser-cutting-machine-for-plywood\/","url":"https:\/\/aolanglasers.com\/product\/laser-cutting-machine-for-plywood\/","name":"M\u00e1quina de corte l\u00e1ser para madera contrachapada 1500W 2000W 2500W","isPartOf":{"@id":"https:\/\/aolanglasers.com\/#website"},"primaryImageOfPage":{"@id":"https:\/\/aolanglasers.com\/product\/laser-cutting-machine-for-plywood\/#primaryimage"},"image":{"@id":"https:\/\/aolanglasers.com\/product\/laser-cutting-machine-for-plywood\/#primaryimage"},"thumbnailUrl":"https:\/\/aolanglasers.com\/wp-content\/uploads\/2025\/09\/high-power-laser-die-cutting-machine.webp","datePublished":"2025-09-26T03:03:20+00:00","dateModified":"2025-10-16T06:01:51+00:00","description":"High power laser cutter is designed for cutting plywood, die board and thin metal sheet, and is widely used in die making, packaging and printing industry.","breadcrumb":{"@id":"https:\/\/aolanglasers.com\/product\/laser-cutting-machine-for-plywood\/#breadcrumb"},"inLanguage":"es","potentialAction":[{"@type":"ReadAction","target":["https:\/\/aolanglasers.com\/product\/laser-cutting-machine-for-plywood\/"]}]},{"@type":"ImageObject","inLanguage":"es","@id":"https:\/\/aolanglasers.com\/product\/laser-cutting-machine-for-plywood\/#primaryimage","url":"https:\/\/aolanglasers.com\/wp-content\/uploads\/2025\/09\/high-power-laser-die-cutting-machine.webp","contentUrl":"https:\/\/aolanglasers.com\/wp-content\/uploads\/2025\/09\/high-power-laser-die-cutting-machine.webp","width":1440,"height":1080,"caption":"high power laser die cutting machine"},{"@type":"BreadcrumbList","@id":"https:\/\/aolanglasers.com\/product\/laser-cutting-machine-for-plywood\/#breadcrumb","itemListElement":[{"@type":"ListItem","position":1,"name":"\u9996\u9875","item":"https:\/\/aolanglasers.com\/"},{"@type":"ListItem","position":2,"name":"Products","item":"https:\/\/aolanglasers.com\/shop\/"},{"@type":"ListItem","position":3,"name":"1500W 2000W 2500W Laser Cutting Machine for Plywood"}]},{"@type":"WebSite","@id":"https:\/\/aolanglasers.com\/#website","url":"https:\/\/aolanglasers.com\/","name":"aolanglasers.com","description":"Aolang Laser es un fabricante y proveedor profesional de m\u00e1quina de corte l\u00e1ser CO\u2082. Nos especializamos en la fabricaci\u00f3n, suministro y servicio de m\u00e1quinas de troquelado l\u00e1ser, m\u00e1quinas de troquelado l\u00e1ser de tableros, m\u00e1quinas de troquelado l\u00e1ser de madera contrachapada, m\u00e1quinas de troquelado l\u00e1ser de PVC, m\u00e1quinas de troquelado l\u00e1ser de acr\u00edlico, m\u00e1quinas de troquelado l\u00e1ser de MDF y m\u00e1quinas de grabado l\u00e1ser.","publisher":{"@id":"https:\/\/aolanglasers.com\/#organization"},"potentialAction":[{"@type":"SearchAction","target":{"@type":"EntryPoint","urlTemplate":"https:\/\/aolanglasers.com\/?s={search_term_string}"},"query-input":{"@type":"PropertyValueSpecification","valueRequired":true,"valueName":"search_term_string"}}],"inLanguage":"es"},{"@type":"Organization","@id":"https:\/\/aolanglasers.com\/#organization","name":"aolanglasers.com","url":"https:\/\/aolanglasers.com\/","logo":{"@type":"ImageObject","inLanguage":"es","@id":"https:\/\/aolanglasers.com\/#\/schema\/logo\/image\/","url":"https:\/\/aolanglasers.com\/wp-content\/uploads\/2025\/08\/\u5fae\u4fe1\u56fe\u7247_20250820110444_286-e1755866941286.jpg","contentUrl":"https:\/\/aolanglasers.com\/wp-content\/uploads\/2025\/08\/\u5fae\u4fe1\u56fe\u7247_20250820110444_286-e1755866941286.jpg","width":807,"height":648,"caption":"aolanglasers.com"},"image":{"@id":"https:\/\/aolanglasers.com\/#\/schema\/logo\/image\/"}}]}},"_links":{"self":[{"href":"https:\/\/aolanglasers.com\/es\/wp-json\/wp\/v2\/product\/1535","targetHints":{"allow":["GET"]}}],"collection":[{"href":"https:\/\/aolanglasers.com\/es\/wp-json\/wp\/v2\/product"}],"about":[{"href":"https:\/\/aolanglasers.com\/es\/wp-json\/wp\/v2\/types\/product"}],"replies":[{"embeddable":true,"href":"https:\/\/aolanglasers.com\/es\/wp-json\/wp\/v2\/comments?post=1535"}],"wp:featuredmedia":[{"embeddable":true,"href":"https:\/\/aolanglasers.com\/es\/wp-json\/wp\/v2\/media\/2755"}],"wp:attachment":[{"href":"https:\/\/aolanglasers.com\/es\/wp-json\/wp\/v2\/media?parent=1535"}],"wp:term":[{"taxonomy":"product_brand","embeddable":true,"href":"https:\/\/aolanglasers.com\/es\/wp-json\/wp\/v2\/product_brand?post=1535"},{"taxonomy":"product_cat","embeddable":true,"href":"https:\/\/aolanglasers.com\/es\/wp-json\/wp\/v2\/product_cat?post=1535"},{"taxonomy":"product_tag","embeddable":true,"href":"https:\/\/aolanglasers.com\/es\/wp-json\/wp\/v2\/product_tag?post=1535"}],"curies":[{"name":"wp","href":"https:\/\/api.w.org\/{rel}","templated":true}]}}