{"id":1531,"date":"2025-09-26T09:44:06","date_gmt":"2025-09-26T01:44:06","guid":{"rendered":"https:\/\/aolanglasers.com\/?post_type=product&#038;p=1531"},"modified":"2025-10-29T08:30:09","modified_gmt":"2025-10-29T00:30:09","slug":"laser-die-board-cutting-machine","status":"publish","type":"product","link":"https:\/\/aolanglasers.com\/es\/producto\/laser-die-board-cutting-machine\/","title":{"rendered":"Cross Table Laser Die Board Cutting Machine"},"content":{"rendered":"<table>\n<tbody>\n<tr>\n<td>Modelo<\/td>\n<td>AL-CT600-1218<\/td>\n<\/tr>\n<tr>\n<td>Estructura de la m\u00e1quina<\/td>\n<td>Mesa en cruz<\/td>\n<\/tr>\n<tr>\n<td>Trayectoria del l\u00e1ser<\/td>\n<td>Trayectoria \u00f3ptica fija<\/td>\n<\/tr>\n<tr>\n<td>Fuente l\u00e1ser<\/td>\n<td>Tubo l\u00e1ser sellado de CO\u2082<\/td>\n<\/tr>\n<tr>\n<td>\u00c1rea de trabajo<\/td>\n<td>1200 mm \u00d7 1800 mm (4 pies \u00d7 6 pies)<\/td>\n<\/tr>\n<tr>\n<td>Precisi\u00f3n de corte<\/td>\n<td>\u00b10,05 mm<\/td>\n<\/tr>\n<tr>\n<td>Profundidad de corte<\/td>\n<td>\u226425mm<\/td>\n<\/tr>\n<tr>\n<td>Grosor de la cuchilla<\/td>\n<td>0,45 mm (1,3 pt), 0,53 mm (1,5 pt), 0,71 mm (2 pt), 1,07 mm (3 pt), 1,42 mm (4 pt), etc.<\/td>\n<\/tr>\n<tr>\n<td>Velocidad de corte<\/td>\n<td>Aprox. 36-46 m\/h (para madera contrachapada de 18 mm)<\/td>\n<\/tr>\n<tr>\n<td>Temperatura de funcionamiento<\/td>\n<td>0-45\u00b0C<\/td>\n<\/tr>\n<tr>\n<td>Fuente de alimentaci\u00f3n<\/td>\n<td>Monof\u00e1sico 220V\u00b110%, 50Hz (est\u00e1ndar)<\/td>\n<\/tr>\n<tr>\n<td>Panel de control num\u00e9rico<\/td>\n<td>Pantalla LCD con panel de teclas Light-Touch<\/td>\n<\/tr>\n<tr>\n<td>Formato gr\u00e1fico<\/td>\n<td>DXF, PLT, BMP, JPG, GIF, TIF, CDR, AI<\/td>\n<\/tr>\n<tr>\n<td>Tipo de accionamiento<\/td>\n<td>Ra\u00edles gu\u00eda y husillos de bolas importados (Taiw\u00e1n)<\/td>\n<\/tr>\n<tr>\n<td>Tipo de refrigeraci\u00f3n<\/td>\n<td>Refrigeraci\u00f3n por agua (utilice agua pura; a\u00f1ada anticongelante en invierno)<\/td>\n<\/tr>\n<tr>\n<td>Potencia bruta<\/td>\n<td>5kW<\/td>\n<\/tr>\n<tr>\n<td>Consumibles<\/td>\n<td>Tubo l\u00e1ser, lente, espejo reflector, espejo de salida<\/td>\n<\/tr>\n<tr>\n<td>Equipo auxiliar (gratuito)<\/td>\n<td>Enfriadora de agua, soplador industrial, ordenador<\/td>\n<\/tr>\n<tr>\n<td>Tama\u00f1o de la m\u00e1quina (Stand-by)<\/td>\n<td>4200 mm \u00d7 4500 mm \u00d7 1600 mm<\/td>\n<\/tr>\n<tr>\n<td>Tama\u00f1o de la m\u00e1quina (de trabajo)<\/td>\n<td>5000 mm \u00d7 5000 mm \u00d7 1600 mm<\/td>\n<\/tr>\n<tr>\n<td>Peso bruto<\/td>\n<td>2200kg<\/td>\n<\/tr>\n<\/tbody>\n<\/table>\n<p>&nbsp;<\/p>","protected":false},"excerpt":{"rendered":"<p>La m\u00e1quina troqueladora l\u00e1ser de mesa cruzada 400W 600W 800W es un modelo cl\u00e1sico que adopta una estructura de mesa cruzada y un dise\u00f1o de cabezal l\u00e1ser fijo, ofreciendo un rendimiento estable y una mayor precisi\u00f3n de corte.<\/p>\n<p>https:\/\/youtu.be\/ERfTi5svKAs?si=FA8K_Vqxom_XgQHf<\/p>","protected":false},"featured_media":2753,"comment_status":"open","ping_status":"closed","template":"","meta":{"_acf_changed":false},"product_brand":[],"product_cat":[24],"product_tag":[],"class_list":{"0":"post-1531","1":"product","2":"type-product","3":"status-publish","4":"has-post-thumbnail","6":"product_cat-laser-die-cutting-machine","8":"first","9":"instock","10":"shipping-taxable","11":"product-type-simple"},"acf":[],"yoast_head":"<!-- This site is optimized with the Yoast SEO plugin v26.0 - https:\/\/yoast.com\/wordpress\/plugins\/seo\/ -->\n<title>Cross Table Laser Die Board Cutting Machine<\/title>\n<meta name=\"description\" content=\"Equipped with auto focus system, Aolang laser machine can adapt to different plywood thicknesses and complete multiple cutting seams at one time.\" \/>\n<meta name=\"robots\" content=\"index, follow, max-snippet:-1, max-image-preview:large, max-video-preview:-1\" \/>\n<link rel=\"canonical\" href=\"https:\/\/aolanglasers.com\/es\/producto\/laser-die-board-cutting-machine\/\" \/>\n<meta property=\"og:locale\" content=\"es_ES\" \/>\n<meta property=\"og:type\" content=\"article\" \/>\n<meta property=\"og:title\" content=\"Cross Table Laser Die Board Cutting Machine\" \/>\n<meta property=\"og:description\" content=\"Equipped with auto focus system, Aolang laser machine can adapt to different plywood thicknesses and complete multiple cutting seams at one time.\" \/>\n<meta property=\"og:url\" content=\"https:\/\/aolanglasers.com\/es\/producto\/laser-die-board-cutting-machine\/\" \/>\n<meta property=\"og:site_name\" content=\"Aolang Laser\" \/>\n<meta property=\"article:modified_time\" content=\"2025-10-29T00:30:09+00:00\" \/>\n<meta property=\"og:image\" content=\"https:\/\/aolanglasers.com\/wp-content\/uploads\/2025\/09\/cross-table-laser-die-cutting-machine.webp\" \/>\n\t<meta property=\"og:image:width\" content=\"1152\" \/>\n\t<meta property=\"og:image:height\" content=\"864\" \/>\n\t<meta property=\"og:image:type\" content=\"image\/webp\" \/>\n<meta name=\"twitter:card\" content=\"summary_large_image\" \/>\n<meta name=\"twitter:label1\" content=\"Tiempo de lectura\" \/>\n\t<meta name=\"twitter:data1\" content=\"1 minuto\" \/>\n<script type=\"application\/ld+json\" class=\"yoast-schema-graph\">{\"@context\":\"https:\/\/schema.org\",\"@graph\":[{\"@type\":\"WebPage\",\"@id\":\"https:\/\/aolanglasers.com\/product\/laser-die-board-cutting-machine\/\",\"url\":\"https:\/\/aolanglasers.com\/product\/laser-die-board-cutting-machine\/\",\"name\":\"Cross Table Laser Die Board Cutting Machine\",\"isPartOf\":{\"@id\":\"https:\/\/aolanglasers.com\/#website\"},\"primaryImageOfPage\":{\"@id\":\"https:\/\/aolanglasers.com\/product\/laser-die-board-cutting-machine\/#primaryimage\"},\"image\":{\"@id\":\"https:\/\/aolanglasers.com\/product\/laser-die-board-cutting-machine\/#primaryimage\"},\"thumbnailUrl\":\"https:\/\/aolanglasers.com\/wp-content\/uploads\/2025\/09\/cross-table-laser-die-cutting-machine.webp\",\"datePublished\":\"2025-09-26T01:44:06+00:00\",\"dateModified\":\"2025-10-29T00:30:09+00:00\",\"description\":\"Equipped with auto focus system, Aolang laser machine can adapt to different plywood thicknesses and complete multiple cutting seams at one time.\",\"breadcrumb\":{\"@id\":\"https:\/\/aolanglasers.com\/product\/laser-die-board-cutting-machine\/#breadcrumb\"},\"inLanguage\":\"es\",\"potentialAction\":[{\"@type\":\"ReadAction\",\"target\":[\"https:\/\/aolanglasers.com\/product\/laser-die-board-cutting-machine\/\"]}]},{\"@type\":\"ImageObject\",\"inLanguage\":\"es\",\"@id\":\"https:\/\/aolanglasers.com\/product\/laser-die-board-cutting-machine\/#primaryimage\",\"url\":\"https:\/\/aolanglasers.com\/wp-content\/uploads\/2025\/09\/cross-table-laser-die-cutting-machine.webp\",\"contentUrl\":\"https:\/\/aolanglasers.com\/wp-content\/uploads\/2025\/09\/cross-table-laser-die-cutting-machine.webp\",\"width\":1152,\"height\":864,\"caption\":\"cross table laser die cutting machine\"},{\"@type\":\"BreadcrumbList\",\"@id\":\"https:\/\/aolanglasers.com\/product\/laser-die-board-cutting-machine\/#breadcrumb\",\"itemListElement\":[{\"@type\":\"ListItem\",\"position\":1,\"name\":\"\u9996\u9875\",\"item\":\"https:\/\/aolanglasers.com\/\"},{\"@type\":\"ListItem\",\"position\":2,\"name\":\"Products\",\"item\":\"https:\/\/aolanglasers.com\/shop\/\"},{\"@type\":\"ListItem\",\"position\":3,\"name\":\"Cross Table Laser Die Board Cutting Machine\"}]},{\"@type\":\"WebSite\",\"@id\":\"https:\/\/aolanglasers.com\/#website\",\"url\":\"https:\/\/aolanglasers.com\/\",\"name\":\"aolanglasers.com\",\"description\":\"Aolang Laser is a professional CO\u2082 laser cutting machine manufacturer &amp; supplier. We specialize in manufacturing, supplying, and servicing laser die cutting machine, laser die board cutting machine, plywood laser cutting machine, PVC laser cutting machine, acrylic laser cutting machine, MDF laser cutting machine, and laser engraving machine.\",\"publisher\":{\"@id\":\"https:\/\/aolanglasers.com\/#organization\"},\"potentialAction\":[{\"@type\":\"SearchAction\",\"target\":{\"@type\":\"EntryPoint\",\"urlTemplate\":\"https:\/\/aolanglasers.com\/?s={search_term_string}\"},\"query-input\":{\"@type\":\"PropertyValueSpecification\",\"valueRequired\":true,\"valueName\":\"search_term_string\"}}],\"inLanguage\":\"es\"},{\"@type\":\"Organization\",\"@id\":\"https:\/\/aolanglasers.com\/#organization\",\"name\":\"aolanglasers.com\",\"url\":\"https:\/\/aolanglasers.com\/\",\"logo\":{\"@type\":\"ImageObject\",\"inLanguage\":\"es\",\"@id\":\"https:\/\/aolanglasers.com\/#\/schema\/logo\/image\/\",\"url\":\"https:\/\/aolanglasers.com\/wp-content\/uploads\/2025\/08\/\u5fae\u4fe1\u56fe\u7247_20250820110444_286-e1755866941286.jpg\",\"contentUrl\":\"https:\/\/aolanglasers.com\/wp-content\/uploads\/2025\/08\/\u5fae\u4fe1\u56fe\u7247_20250820110444_286-e1755866941286.jpg\",\"width\":807,\"height\":648,\"caption\":\"aolanglasers.com\"},\"image\":{\"@id\":\"https:\/\/aolanglasers.com\/#\/schema\/logo\/image\/\"}}]}<\/script>\n<!-- \/ Yoast SEO plugin. -->","yoast_head_json":{"title":"Cross Table Laser Die Board Cutting Machine","description":"Equipped with auto focus system, Aolang laser machine can adapt to different plywood thicknesses and complete multiple cutting seams at one time.","robots":{"index":"index","follow":"follow","max-snippet":"max-snippet:-1","max-image-preview":"max-image-preview:large","max-video-preview":"max-video-preview:-1"},"canonical":"https:\/\/aolanglasers.com\/es\/producto\/laser-die-board-cutting-machine\/","og_locale":"es_ES","og_type":"article","og_title":"Cross Table Laser Die Board Cutting Machine","og_description":"Equipped with auto focus system, Aolang laser machine can adapt to different plywood thicknesses and complete multiple cutting seams at one time.","og_url":"https:\/\/aolanglasers.com\/es\/producto\/laser-die-board-cutting-machine\/","og_site_name":"Aolang Laser","article_modified_time":"2025-10-29T00:30:09+00:00","og_image":[{"width":1152,"height":864,"url":"https:\/\/aolanglasers.com\/wp-content\/uploads\/2025\/09\/cross-table-laser-die-cutting-machine.webp","type":"image\/webp"}],"twitter_card":"summary_large_image","twitter_misc":{"Tiempo de lectura":"1 minuto"},"schema":{"@context":"https:\/\/schema.org","@graph":[{"@type":"WebPage","@id":"https:\/\/aolanglasers.com\/product\/laser-die-board-cutting-machine\/","url":"https:\/\/aolanglasers.com\/product\/laser-die-board-cutting-machine\/","name":"Cross Table Laser Die Board Cutting Machine","isPartOf":{"@id":"https:\/\/aolanglasers.com\/#website"},"primaryImageOfPage":{"@id":"https:\/\/aolanglasers.com\/product\/laser-die-board-cutting-machine\/#primaryimage"},"image":{"@id":"https:\/\/aolanglasers.com\/product\/laser-die-board-cutting-machine\/#primaryimage"},"thumbnailUrl":"https:\/\/aolanglasers.com\/wp-content\/uploads\/2025\/09\/cross-table-laser-die-cutting-machine.webp","datePublished":"2025-09-26T01:44:06+00:00","dateModified":"2025-10-29T00:30:09+00:00","description":"Equipped with auto focus system, Aolang laser machine can adapt to different plywood thicknesses and complete multiple cutting seams at one time.","breadcrumb":{"@id":"https:\/\/aolanglasers.com\/product\/laser-die-board-cutting-machine\/#breadcrumb"},"inLanguage":"es","potentialAction":[{"@type":"ReadAction","target":["https:\/\/aolanglasers.com\/product\/laser-die-board-cutting-machine\/"]}]},{"@type":"ImageObject","inLanguage":"es","@id":"https:\/\/aolanglasers.com\/product\/laser-die-board-cutting-machine\/#primaryimage","url":"https:\/\/aolanglasers.com\/wp-content\/uploads\/2025\/09\/cross-table-laser-die-cutting-machine.webp","contentUrl":"https:\/\/aolanglasers.com\/wp-content\/uploads\/2025\/09\/cross-table-laser-die-cutting-machine.webp","width":1152,"height":864,"caption":"cross table laser die cutting machine"},{"@type":"BreadcrumbList","@id":"https:\/\/aolanglasers.com\/product\/laser-die-board-cutting-machine\/#breadcrumb","itemListElement":[{"@type":"ListItem","position":1,"name":"\u9996\u9875","item":"https:\/\/aolanglasers.com\/"},{"@type":"ListItem","position":2,"name":"Products","item":"https:\/\/aolanglasers.com\/shop\/"},{"@type":"ListItem","position":3,"name":"Cross Table Laser Die Board Cutting Machine"}]},{"@type":"WebSite","@id":"https:\/\/aolanglasers.com\/#website","url":"https:\/\/aolanglasers.com\/","name":"aolanglasers.com","description":"Aolang Laser es un fabricante y proveedor profesional de m\u00e1quina de corte l\u00e1ser CO\u2082. Nos especializamos en la fabricaci\u00f3n, suministro y servicio de m\u00e1quinas de troquelado l\u00e1ser, m\u00e1quinas de troquelado l\u00e1ser de tableros, m\u00e1quinas de troquelado l\u00e1ser de madera contrachapada, m\u00e1quinas de troquelado l\u00e1ser de PVC, m\u00e1quinas de troquelado l\u00e1ser de acr\u00edlico, m\u00e1quinas de troquelado l\u00e1ser de MDF y m\u00e1quinas de grabado l\u00e1ser.","publisher":{"@id":"https:\/\/aolanglasers.com\/#organization"},"potentialAction":[{"@type":"SearchAction","target":{"@type":"EntryPoint","urlTemplate":"https:\/\/aolanglasers.com\/?s={search_term_string}"},"query-input":{"@type":"PropertyValueSpecification","valueRequired":true,"valueName":"search_term_string"}}],"inLanguage":"es"},{"@type":"Organization","@id":"https:\/\/aolanglasers.com\/#organization","name":"aolanglasers.com","url":"https:\/\/aolanglasers.com\/","logo":{"@type":"ImageObject","inLanguage":"es","@id":"https:\/\/aolanglasers.com\/#\/schema\/logo\/image\/","url":"https:\/\/aolanglasers.com\/wp-content\/uploads\/2025\/08\/\u5fae\u4fe1\u56fe\u7247_20250820110444_286-e1755866941286.jpg","contentUrl":"https:\/\/aolanglasers.com\/wp-content\/uploads\/2025\/08\/\u5fae\u4fe1\u56fe\u7247_20250820110444_286-e1755866941286.jpg","width":807,"height":648,"caption":"aolanglasers.com"},"image":{"@id":"https:\/\/aolanglasers.com\/#\/schema\/logo\/image\/"}}]}},"_links":{"self":[{"href":"https:\/\/aolanglasers.com\/es\/wp-json\/wp\/v2\/product\/1531","targetHints":{"allow":["GET"]}}],"collection":[{"href":"https:\/\/aolanglasers.com\/es\/wp-json\/wp\/v2\/product"}],"about":[{"href":"https:\/\/aolanglasers.com\/es\/wp-json\/wp\/v2\/types\/product"}],"replies":[{"embeddable":true,"href":"https:\/\/aolanglasers.com\/es\/wp-json\/wp\/v2\/comments?post=1531"}],"wp:featuredmedia":[{"embeddable":true,"href":"https:\/\/aolanglasers.com\/es\/wp-json\/wp\/v2\/media\/2753"}],"wp:attachment":[{"href":"https:\/\/aolanglasers.com\/es\/wp-json\/wp\/v2\/media?parent=1531"}],"wp:term":[{"taxonomy":"product_brand","embeddable":true,"href":"https:\/\/aolanglasers.com\/es\/wp-json\/wp\/v2\/product_brand?post=1531"},{"taxonomy":"product_cat","embeddable":true,"href":"https:\/\/aolanglasers.com\/es\/wp-json\/wp\/v2\/product_cat?post=1531"},{"taxonomy":"product_tag","embeddable":true,"href":"https:\/\/aolanglasers.com\/es\/wp-json\/wp\/v2\/product_tag?post=1531"}],"curies":[{"name":"wp","href":"https:\/\/api.w.org\/{rel}","templated":true}]}}