{"id":1529,"date":"2025-09-26T09:19:15","date_gmt":"2025-09-26T01:19:15","guid":{"rendered":"https:\/\/aolanglasers.com\/?post_type=product&#038;p=1529"},"modified":"2025-10-16T14:04:12","modified_gmt":"2025-10-16T06:04:12","slug":"pvc-laser-cutting-machine","status":"publish","type":"product","link":"https:\/\/aolanglasers.com\/es\/producto\/pvc-laser-cutting-machine\/","title":{"rendered":"M\u00e1quina de corte l\u00e1ser de PVC para troquelado de etiquetas"},"content":{"rendered":"<table>\n<tbody>\n<tr>\n<td>Modelo<\/td>\n<td>AL-ST150-0906<\/td>\n<\/tr>\n<tr>\n<td>Trayectoria del l\u00e1ser<\/td>\n<td>Trayectoria del l\u00e1ser volador<\/td>\n<\/tr>\n<tr>\n<td>Fuente l\u00e1ser<\/td>\n<td>Tubo l\u00e1ser sellado de CO\u2082<\/td>\n<\/tr>\n<tr>\n<td>\u00c1rea de trabajo<\/td>\n<td>900 mm \u00d7 600 mm<\/td>\n<\/tr>\n<tr>\n<td>Precisi\u00f3n de corte<\/td>\n<td>\u00b10,05 mm<\/td>\n<\/tr>\n<tr>\n<td>Profundidad de corte<\/td>\n<td>\u226425mm<\/td>\n<\/tr>\n<tr>\n<td>Temperatura de funcionamiento<\/td>\n<td>0-45\u00b0C<\/td>\n<\/tr>\n<tr>\n<td>Fuente de alimentaci\u00f3n<\/td>\n<td>Monof\u00e1sico 220V\u00b110%, 50Hz (est\u00e1ndar)<\/td>\n<\/tr>\n<tr>\n<td>Panel de control num\u00e9rico<\/td>\n<td>Pantalla LCD<\/td>\n<\/tr>\n<tr>\n<td>Formato gr\u00e1fico<\/td>\n<td>DXF, PLT, BMP, JPG, GIF, TIF, CDR, AI<\/td>\n<\/tr>\n<tr>\n<td>Tipo de accionamiento<\/td>\n<td>Husillo de bolas y ra\u00edl gu\u00eda importados<\/td>\n<\/tr>\n<tr>\n<td>Tipo de refrigeraci\u00f3n<\/td>\n<td>Refrigeraci\u00f3n por agua (utilice agua pura; a\u00f1ada anticongelante en invierno)<\/td>\n<\/tr>\n<tr>\n<td>Consumibles<\/td>\n<td>Tubo l\u00e1ser, lente, espejo reflector, espejo de salida<\/td>\n<\/tr>\n<tr>\n<td>Equipo auxiliar (gratuito)<\/td>\n<td>Enfriadoras de agua, sopladores industriales<\/td>\n<\/tr>\n<tr>\n<td>Tama\u00f1o de la m\u00e1quina (Stand-by)<\/td>\n<td>2000mm \u00d71300mm \u00d71200mm<\/td>\n<\/tr>\n<tr>\n<td>Peso bruto<\/td>\n<td>450 kg<\/td>\n<\/tr>\n<\/tbody>\n<\/table>","protected":false},"excerpt":{"rendered":"<p>La m\u00e1quina de corte l\u00e1ser PVC adopta un dise\u00f1o de trayectoria l\u00e1ser volante, husillo de bolas y accionamiento de riel gu\u00eda. Puede utilizarse en la producci\u00f3n de troqueles.<\/p>\n<p>https:\/\/youtu.be\/T4ZuVfrbRXY?si=Bt8JIVtVEHzGd1EZ<\/p>","protected":false},"featured_media":2575,"comment_status":"open","ping_status":"closed","template":"","meta":{"_acf_changed":false},"product_brand":[],"product_cat":[24],"product_tag":[],"class_list":{"0":"post-1529","1":"product","2":"type-product","3":"status-publish","4":"has-post-thumbnail","6":"product_cat-laser-die-cutting-machine","8":"first","9":"instock","10":"shipping-taxable","11":"product-type-simple"},"acf":[],"yoast_head":"<!-- This site is optimized with the Yoast SEO plugin v26.0 - https:\/\/yoast.com\/wordpress\/plugins\/seo\/ -->\n<title>PVC Laser Cutting Machine for Label Die Making<\/title>\n<meta name=\"description\" content=\"150W PVC laser cutting machine is suitable for making label dies. It is very compact, which is ideal for die shops. Get a quote now!\" \/>\n<meta name=\"robots\" content=\"index, follow, max-snippet:-1, max-image-preview:large, max-video-preview:-1\" \/>\n<link rel=\"canonical\" href=\"https:\/\/aolanglasers.com\/es\/producto\/pvc-laser-cutting-machine\/\" \/>\n<meta property=\"og:locale\" content=\"es_ES\" \/>\n<meta property=\"og:type\" content=\"article\" \/>\n<meta property=\"og:title\" content=\"PVC Laser Cutting Machine for Label Die Making\" \/>\n<meta property=\"og:description\" content=\"150W PVC laser cutting machine is suitable for making label dies. It is very compact, which is ideal for die shops. Get a quote now!\" \/>\n<meta property=\"og:url\" content=\"https:\/\/aolanglasers.com\/es\/producto\/pvc-laser-cutting-machine\/\" \/>\n<meta property=\"og:site_name\" content=\"Aolang Laser\" \/>\n<meta property=\"article:modified_time\" content=\"2025-10-16T06:04:12+00:00\" \/>\n<meta property=\"og:image\" content=\"https:\/\/aolanglasers.com\/wp-content\/uploads\/2025\/10\/150w-pvc-laser-die-cutting-machine.webp\" \/>\n\t<meta property=\"og:image:width\" content=\"1312\" \/>\n\t<meta property=\"og:image:height\" content=\"736\" \/>\n\t<meta property=\"og:image:type\" content=\"image\/webp\" \/>\n<meta name=\"twitter:card\" content=\"summary_large_image\" \/>\n<meta name=\"twitter:label1\" content=\"Tiempo de lectura\" \/>\n\t<meta name=\"twitter:data1\" content=\"1 minuto\" \/>\n<script type=\"application\/ld+json\" class=\"yoast-schema-graph\">{\"@context\":\"https:\/\/schema.org\",\"@graph\":[{\"@type\":\"WebPage\",\"@id\":\"https:\/\/aolanglasers.com\/product\/pvc-laser-cutting-machine\/\",\"url\":\"https:\/\/aolanglasers.com\/product\/pvc-laser-cutting-machine\/\",\"name\":\"PVC Laser Cutting Machine for Label Die Making\",\"isPartOf\":{\"@id\":\"https:\/\/aolanglasers.com\/#website\"},\"primaryImageOfPage\":{\"@id\":\"https:\/\/aolanglasers.com\/product\/pvc-laser-cutting-machine\/#primaryimage\"},\"image\":{\"@id\":\"https:\/\/aolanglasers.com\/product\/pvc-laser-cutting-machine\/#primaryimage\"},\"thumbnailUrl\":\"https:\/\/aolanglasers.com\/wp-content\/uploads\/2025\/10\/150w-pvc-laser-die-cutting-machine.webp\",\"datePublished\":\"2025-09-26T01:19:15+00:00\",\"dateModified\":\"2025-10-16T06:04:12+00:00\",\"description\":\"150W PVC laser cutting machine is suitable for making label dies. It is very compact, which is ideal for die shops. Get a quote now!\",\"breadcrumb\":{\"@id\":\"https:\/\/aolanglasers.com\/product\/pvc-laser-cutting-machine\/#breadcrumb\"},\"inLanguage\":\"es\",\"potentialAction\":[{\"@type\":\"ReadAction\",\"target\":[\"https:\/\/aolanglasers.com\/product\/pvc-laser-cutting-machine\/\"]}]},{\"@type\":\"ImageObject\",\"inLanguage\":\"es\",\"@id\":\"https:\/\/aolanglasers.com\/product\/pvc-laser-cutting-machine\/#primaryimage\",\"url\":\"https:\/\/aolanglasers.com\/wp-content\/uploads\/2025\/10\/150w-pvc-laser-die-cutting-machine.webp\",\"contentUrl\":\"https:\/\/aolanglasers.com\/wp-content\/uploads\/2025\/10\/150w-pvc-laser-die-cutting-machine.webp\",\"width\":1312,\"height\":736,\"caption\":\"150w pvc laser die cutting machine\"},{\"@type\":\"BreadcrumbList\",\"@id\":\"https:\/\/aolanglasers.com\/product\/pvc-laser-cutting-machine\/#breadcrumb\",\"itemListElement\":[{\"@type\":\"ListItem\",\"position\":1,\"name\":\"\u9996\u9875\",\"item\":\"https:\/\/aolanglasers.com\/\"},{\"@type\":\"ListItem\",\"position\":2,\"name\":\"Products\",\"item\":\"https:\/\/aolanglasers.com\/shop\/\"},{\"@type\":\"ListItem\",\"position\":3,\"name\":\"PVC Laser Cutting Machine for Label Die Making\"}]},{\"@type\":\"WebSite\",\"@id\":\"https:\/\/aolanglasers.com\/#website\",\"url\":\"https:\/\/aolanglasers.com\/\",\"name\":\"aolanglasers.com\",\"description\":\"Aolang Laser is a professional CO\u2082 laser cutting machine manufacturer &amp; supplier. We specialize in manufacturing, supplying, and servicing laser die cutting machine, laser die board cutting machine, plywood laser cutting machine, PVC laser cutting machine, acrylic laser cutting machine, MDF laser cutting machine, and laser engraving machine.\",\"publisher\":{\"@id\":\"https:\/\/aolanglasers.com\/#organization\"},\"potentialAction\":[{\"@type\":\"SearchAction\",\"target\":{\"@type\":\"EntryPoint\",\"urlTemplate\":\"https:\/\/aolanglasers.com\/?s={search_term_string}\"},\"query-input\":{\"@type\":\"PropertyValueSpecification\",\"valueRequired\":true,\"valueName\":\"search_term_string\"}}],\"inLanguage\":\"es\"},{\"@type\":\"Organization\",\"@id\":\"https:\/\/aolanglasers.com\/#organization\",\"name\":\"aolanglasers.com\",\"url\":\"https:\/\/aolanglasers.com\/\",\"logo\":{\"@type\":\"ImageObject\",\"inLanguage\":\"es\",\"@id\":\"https:\/\/aolanglasers.com\/#\/schema\/logo\/image\/\",\"url\":\"https:\/\/aolanglasers.com\/wp-content\/uploads\/2025\/08\/\u5fae\u4fe1\u56fe\u7247_20250820110444_286-e1755866941286.jpg\",\"contentUrl\":\"https:\/\/aolanglasers.com\/wp-content\/uploads\/2025\/08\/\u5fae\u4fe1\u56fe\u7247_20250820110444_286-e1755866941286.jpg\",\"width\":807,\"height\":648,\"caption\":\"aolanglasers.com\"},\"image\":{\"@id\":\"https:\/\/aolanglasers.com\/#\/schema\/logo\/image\/\"}}]}<\/script>\n<!-- \/ Yoast SEO plugin. -->","yoast_head_json":{"title":"M\u00e1quina de corte l\u00e1ser de PVC para troquelado de etiquetas","description":"150W PVC laser cutting machine is suitable for making label dies. It is very compact, which is ideal for die shops. Get a quote now!","robots":{"index":"index","follow":"follow","max-snippet":"max-snippet:-1","max-image-preview":"max-image-preview:large","max-video-preview":"max-video-preview:-1"},"canonical":"https:\/\/aolanglasers.com\/es\/producto\/pvc-laser-cutting-machine\/","og_locale":"es_ES","og_type":"article","og_title":"PVC Laser Cutting Machine for Label Die Making","og_description":"150W PVC laser cutting machine is suitable for making label dies. It is very compact, which is ideal for die shops. Get a quote now!","og_url":"https:\/\/aolanglasers.com\/es\/producto\/pvc-laser-cutting-machine\/","og_site_name":"Aolang Laser","article_modified_time":"2025-10-16T06:04:12+00:00","og_image":[{"width":1312,"height":736,"url":"https:\/\/aolanglasers.com\/wp-content\/uploads\/2025\/10\/150w-pvc-laser-die-cutting-machine.webp","type":"image\/webp"}],"twitter_card":"summary_large_image","twitter_misc":{"Tiempo de lectura":"1 minuto"},"schema":{"@context":"https:\/\/schema.org","@graph":[{"@type":"WebPage","@id":"https:\/\/aolanglasers.com\/product\/pvc-laser-cutting-machine\/","url":"https:\/\/aolanglasers.com\/product\/pvc-laser-cutting-machine\/","name":"M\u00e1quina de corte l\u00e1ser de PVC para troquelado de etiquetas","isPartOf":{"@id":"https:\/\/aolanglasers.com\/#website"},"primaryImageOfPage":{"@id":"https:\/\/aolanglasers.com\/product\/pvc-laser-cutting-machine\/#primaryimage"},"image":{"@id":"https:\/\/aolanglasers.com\/product\/pvc-laser-cutting-machine\/#primaryimage"},"thumbnailUrl":"https:\/\/aolanglasers.com\/wp-content\/uploads\/2025\/10\/150w-pvc-laser-die-cutting-machine.webp","datePublished":"2025-09-26T01:19:15+00:00","dateModified":"2025-10-16T06:04:12+00:00","description":"150W PVC laser cutting machine is suitable for making label dies. It is very compact, which is ideal for die shops. Get a quote now!","breadcrumb":{"@id":"https:\/\/aolanglasers.com\/product\/pvc-laser-cutting-machine\/#breadcrumb"},"inLanguage":"es","potentialAction":[{"@type":"ReadAction","target":["https:\/\/aolanglasers.com\/product\/pvc-laser-cutting-machine\/"]}]},{"@type":"ImageObject","inLanguage":"es","@id":"https:\/\/aolanglasers.com\/product\/pvc-laser-cutting-machine\/#primaryimage","url":"https:\/\/aolanglasers.com\/wp-content\/uploads\/2025\/10\/150w-pvc-laser-die-cutting-machine.webp","contentUrl":"https:\/\/aolanglasers.com\/wp-content\/uploads\/2025\/10\/150w-pvc-laser-die-cutting-machine.webp","width":1312,"height":736,"caption":"150w pvc laser die cutting machine"},{"@type":"BreadcrumbList","@id":"https:\/\/aolanglasers.com\/product\/pvc-laser-cutting-machine\/#breadcrumb","itemListElement":[{"@type":"ListItem","position":1,"name":"\u9996\u9875","item":"https:\/\/aolanglasers.com\/"},{"@type":"ListItem","position":2,"name":"Products","item":"https:\/\/aolanglasers.com\/shop\/"},{"@type":"ListItem","position":3,"name":"PVC Laser Cutting Machine for Label Die Making"}]},{"@type":"WebSite","@id":"https:\/\/aolanglasers.com\/#website","url":"https:\/\/aolanglasers.com\/","name":"aolanglasers.com","description":"Aolang Laser es un fabricante y proveedor profesional de m\u00e1quina de corte l\u00e1ser CO\u2082. Nos especializamos en la fabricaci\u00f3n, suministro y servicio de m\u00e1quinas de troquelado l\u00e1ser, m\u00e1quinas de troquelado l\u00e1ser de tableros, m\u00e1quinas de troquelado l\u00e1ser de madera contrachapada, m\u00e1quinas de troquelado l\u00e1ser de PVC, m\u00e1quinas de troquelado l\u00e1ser de acr\u00edlico, m\u00e1quinas de troquelado l\u00e1ser de MDF y m\u00e1quinas de grabado l\u00e1ser.","publisher":{"@id":"https:\/\/aolanglasers.com\/#organization"},"potentialAction":[{"@type":"SearchAction","target":{"@type":"EntryPoint","urlTemplate":"https:\/\/aolanglasers.com\/?s={search_term_string}"},"query-input":{"@type":"PropertyValueSpecification","valueRequired":true,"valueName":"search_term_string"}}],"inLanguage":"es"},{"@type":"Organization","@id":"https:\/\/aolanglasers.com\/#organization","name":"aolanglasers.com","url":"https:\/\/aolanglasers.com\/","logo":{"@type":"ImageObject","inLanguage":"es","@id":"https:\/\/aolanglasers.com\/#\/schema\/logo\/image\/","url":"https:\/\/aolanglasers.com\/wp-content\/uploads\/2025\/08\/\u5fae\u4fe1\u56fe\u7247_20250820110444_286-e1755866941286.jpg","contentUrl":"https:\/\/aolanglasers.com\/wp-content\/uploads\/2025\/08\/\u5fae\u4fe1\u56fe\u7247_20250820110444_286-e1755866941286.jpg","width":807,"height":648,"caption":"aolanglasers.com"},"image":{"@id":"https:\/\/aolanglasers.com\/#\/schema\/logo\/image\/"}}]}},"_links":{"self":[{"href":"https:\/\/aolanglasers.com\/es\/wp-json\/wp\/v2\/product\/1529","targetHints":{"allow":["GET"]}}],"collection":[{"href":"https:\/\/aolanglasers.com\/es\/wp-json\/wp\/v2\/product"}],"about":[{"href":"https:\/\/aolanglasers.com\/es\/wp-json\/wp\/v2\/types\/product"}],"replies":[{"embeddable":true,"href":"https:\/\/aolanglasers.com\/es\/wp-json\/wp\/v2\/comments?post=1529"}],"wp:featuredmedia":[{"embeddable":true,"href":"https:\/\/aolanglasers.com\/es\/wp-json\/wp\/v2\/media\/2575"}],"wp:attachment":[{"href":"https:\/\/aolanglasers.com\/es\/wp-json\/wp\/v2\/media?parent=1529"}],"wp:term":[{"taxonomy":"product_brand","embeddable":true,"href":"https:\/\/aolanglasers.com\/es\/wp-json\/wp\/v2\/product_brand?post=1529"},{"taxonomy":"product_cat","embeddable":true,"href":"https:\/\/aolanglasers.com\/es\/wp-json\/wp\/v2\/product_cat?post=1529"},{"taxonomy":"product_tag","embeddable":true,"href":"https:\/\/aolanglasers.com\/es\/wp-json\/wp\/v2\/product_tag?post=1529"}],"curies":[{"name":"wp","href":"https:\/\/api.w.org\/{rel}","templated":true}]}}