{"id":1535,"date":"2025-09-26T11:03:20","date_gmt":"2025-09-26T03:03:20","guid":{"rendered":"https:\/\/aolanglasers.com\/?post_type=product&#038;p=1535"},"modified":"2025-10-16T14:01:51","modified_gmt":"2025-10-16T06:01:51","slug":"laser-cutting-machine-for-plywood","status":"publish","type":"product","link":"https:\/\/aolanglasers.com\/da\/vare\/laser-cutting-machine-for-plywood\/","title":{"rendered":"1500W 2000W 2500W lasersk\u00e6remaskine til krydsfiner"},"content":{"rendered":"<table>\n<tbody>\n<tr>\n<td width=\"209\">Model<\/td>\n<td width=\"356\">AL-GT1500-1325<\/td>\n<\/tr>\n<tr>\n<td width=\"209\">Maskinens struktur<\/td>\n<td width=\"356\">Portaltype<\/td>\n<\/tr>\n<tr>\n<td width=\"209\">Laserbane<\/td>\n<td width=\"356\">Konstant optisk vej<\/td>\n<\/tr>\n<tr>\n<td width=\"209\">Laserkilde<\/td>\n<td width=\"356\">Lasergenerator<\/td>\n<\/tr>\n<tr>\n<td width=\"209\">Arbejdsomr\u00e5de (L \u00d7 B)<\/td>\n<td width=\"356\">2500 mm \u00d7 1300 mm (8 fod \u00d7 4 fod)<\/td>\n<\/tr>\n<tr>\n<td width=\"209\">X-aksens bev\u00e6gelse<\/td>\n<td width=\"356\">1300 mm<\/td>\n<\/tr>\n<tr>\n<td width=\"209\">Y-aksens bev\u00e6gelse<\/td>\n<td width=\"356\">2500 mm<\/td>\n<\/tr>\n<tr>\n<td width=\"209\">Z-aksens bev\u00e6gelse<\/td>\n<td width=\"356\">150 mm<\/td>\n<\/tr>\n<tr>\n<td width=\"209\">X- og Y-aksens positioneringsn\u00f8jagtighed<\/td>\n<td width=\"356\">0,03 mm<\/td>\n<\/tr>\n<tr>\n<td width=\"209\">X-, Y-akse Gentag positioneringsn\u00f8jagtighed<\/td>\n<td width=\"356\">0,01 mm<\/td>\n<\/tr>\n<tr>\n<td width=\"209\">X-Y-aksens positioneringshastighed<\/td>\n<td width=\"356\">12m\/min<\/td>\n<\/tr>\n<tr>\n<td width=\"209\">Numerisk kontrolsystem<\/td>\n<td width=\"356\">PA (Tyskland)<\/td>\n<\/tr>\n<tr>\n<td width=\"209\">Arbejdsbordets sp\u00e6nding<\/td>\n<td width=\"356\">Enkeltfase 220V, 50Hz<\/td>\n<\/tr>\n<tr>\n<td width=\"209\">Lasergeneratorens sp\u00e6nding<\/td>\n<td width=\"356\">Trefaset 380V, 50Hz, 30A<\/td>\n<\/tr>\n<tr>\n<td width=\"209\">Tryk p\u00e5 hj\u00e6lpeluftkilde<\/td>\n<td width=\"356\">0,8 Mpa<\/td>\n<\/tr>\n<tr>\n<td width=\"209\">Maksimal arbejdsbelastning p\u00e5 sengen<\/td>\n<td width=\"356\">200 kg<\/td>\n<\/tr>\n<tr>\n<td width=\"209\">Maskinens samlede dimensioner<\/td>\n<td width=\"356\">4,65 m \u00d7 2,3 m \u00d7 1,95 m<\/td>\n<\/tr>\n<tr>\n<td width=\"209\">Arbejdsbordets v\u00e6gt<\/td>\n<td width=\"356\">3000 kg<\/td>\n<\/tr>\n<tr>\n<td width=\"209\">Laserkildens v\u00e6gt<\/td>\n<td width=\"356\">750 kg ~ 900 kg<\/td>\n<\/tr>\n<tr>\n<td width=\"209\">Krav til lasergeneratorens gas<\/td>\n<td width=\"356\">He, N\u2082, CO\u2082 (99,99%); O\u2082 (til sk\u00e6ring af jernplader)<\/td>\n<\/tr>\n<tr>\n<td width=\"209\">Hj\u00e6lpeudstyr<\/td>\n<td width=\"356\">Luftkompressor, t\u00f8rretumbler og filter, sp\u00e6ndingsstabilisator<\/td>\n<\/tr>\n<\/tbody>\n<\/table>","protected":false},"excerpt":{"rendered":"<p>Lasersk\u00e6remaskine med h\u00f8j effekt sk\u00e6rer effektivt en bred vifte af materialer, herunder stanseplader, krydsfiner, jern osv. Tung arbejdsseng, lille gulvplads, importeret reflektor og fokuseringsspejl, tysk PA-system.<\/p>\n<p>https:\/\/youtu.be\/-W6SXDoLCp4?si=1wNp6orXyTWC_n5e<\/p>\n<p>&nbsp;<\/p>","protected":false},"featured_media":2755,"comment_status":"open","ping_status":"closed","template":"","meta":{"_acf_changed":false},"product_brand":[],"product_cat":[24],"product_tag":[],"class_list":{"0":"post-1535","1":"product","2":"type-product","3":"status-publish","4":"has-post-thumbnail","6":"product_cat-laser-die-cutting-machine","8":"first","9":"instock","10":"shipping-taxable","11":"product-type-simple"},"acf":[],"yoast_head":"<!-- This site is optimized with the Yoast SEO plugin v26.0 - https:\/\/yoast.com\/wordpress\/plugins\/seo\/ -->\n<title>1500W 2000W 2500W Laser Cutting Machine for Plywood<\/title>\n<meta name=\"description\" content=\"High power laser cutter is designed for cutting plywood, die board and thin metal sheet, and is widely used in die making, packaging and printing industry.\" \/>\n<meta name=\"robots\" content=\"index, follow, max-snippet:-1, max-image-preview:large, max-video-preview:-1\" \/>\n<link rel=\"canonical\" href=\"https:\/\/aolanglasers.com\/da\/vare\/laser-cutting-machine-for-plywood\/\" \/>\n<meta property=\"og:locale\" content=\"da_DK\" \/>\n<meta property=\"og:type\" content=\"article\" \/>\n<meta property=\"og:title\" content=\"1500W 2000W 2500W Laser Cutting Machine for Plywood\" \/>\n<meta property=\"og:description\" content=\"High power laser cutter is designed for cutting plywood, die board and thin metal sheet, and is widely used in die making, packaging and printing industry.\" \/>\n<meta property=\"og:url\" content=\"https:\/\/aolanglasers.com\/da\/vare\/laser-cutting-machine-for-plywood\/\" \/>\n<meta property=\"og:site_name\" content=\"Aolang Laser\" \/>\n<meta property=\"article:modified_time\" content=\"2025-10-16T06:01:51+00:00\" \/>\n<meta property=\"og:image\" content=\"https:\/\/aolanglasers.com\/wp-content\/uploads\/2025\/09\/high-power-laser-die-cutting-machine.webp\" \/>\n\t<meta property=\"og:image:width\" content=\"1440\" \/>\n\t<meta property=\"og:image:height\" content=\"1080\" \/>\n\t<meta property=\"og:image:type\" content=\"image\/webp\" \/>\n<meta name=\"twitter:card\" content=\"summary_large_image\" \/>\n<meta name=\"twitter:label1\" content=\"Estimeret l\u00e6setid\" \/>\n\t<meta name=\"twitter:data1\" content=\"1 minut\" \/>\n<script type=\"application\/ld+json\" class=\"yoast-schema-graph\">{\"@context\":\"https:\/\/schema.org\",\"@graph\":[{\"@type\":\"WebPage\",\"@id\":\"https:\/\/aolanglasers.com\/product\/laser-cutting-machine-for-plywood\/\",\"url\":\"https:\/\/aolanglasers.com\/product\/laser-cutting-machine-for-plywood\/\",\"name\":\"1500W 2000W 2500W Laser Cutting Machine for Plywood\",\"isPartOf\":{\"@id\":\"https:\/\/aolanglasers.com\/#website\"},\"primaryImageOfPage\":{\"@id\":\"https:\/\/aolanglasers.com\/product\/laser-cutting-machine-for-plywood\/#primaryimage\"},\"image\":{\"@id\":\"https:\/\/aolanglasers.com\/product\/laser-cutting-machine-for-plywood\/#primaryimage\"},\"thumbnailUrl\":\"https:\/\/aolanglasers.com\/wp-content\/uploads\/2025\/09\/high-power-laser-die-cutting-machine.webp\",\"datePublished\":\"2025-09-26T03:03:20+00:00\",\"dateModified\":\"2025-10-16T06:01:51+00:00\",\"description\":\"High power laser cutter is designed for cutting plywood, die board and thin metal sheet, and is widely used in die making, packaging and printing industry.\",\"breadcrumb\":{\"@id\":\"https:\/\/aolanglasers.com\/product\/laser-cutting-machine-for-plywood\/#breadcrumb\"},\"inLanguage\":\"da-DK\",\"potentialAction\":[{\"@type\":\"ReadAction\",\"target\":[\"https:\/\/aolanglasers.com\/product\/laser-cutting-machine-for-plywood\/\"]}]},{\"@type\":\"ImageObject\",\"inLanguage\":\"da-DK\",\"@id\":\"https:\/\/aolanglasers.com\/product\/laser-cutting-machine-for-plywood\/#primaryimage\",\"url\":\"https:\/\/aolanglasers.com\/wp-content\/uploads\/2025\/09\/high-power-laser-die-cutting-machine.webp\",\"contentUrl\":\"https:\/\/aolanglasers.com\/wp-content\/uploads\/2025\/09\/high-power-laser-die-cutting-machine.webp\",\"width\":1440,\"height\":1080,\"caption\":\"high power laser die cutting machine\"},{\"@type\":\"BreadcrumbList\",\"@id\":\"https:\/\/aolanglasers.com\/product\/laser-cutting-machine-for-plywood\/#breadcrumb\",\"itemListElement\":[{\"@type\":\"ListItem\",\"position\":1,\"name\":\"\u9996\u9875\",\"item\":\"https:\/\/aolanglasers.com\/\"},{\"@type\":\"ListItem\",\"position\":2,\"name\":\"Products\",\"item\":\"https:\/\/aolanglasers.com\/shop\/\"},{\"@type\":\"ListItem\",\"position\":3,\"name\":\"1500W 2000W 2500W Laser Cutting Machine for Plywood\"}]},{\"@type\":\"WebSite\",\"@id\":\"https:\/\/aolanglasers.com\/#website\",\"url\":\"https:\/\/aolanglasers.com\/\",\"name\":\"aolanglasers.com\",\"description\":\"Aolang Laser is a professional CO\u2082 laser cutting machine manufacturer &amp; supplier. We specialize in manufacturing, supplying, and servicing laser die cutting machine, laser die board cutting machine, plywood laser cutting machine, PVC laser cutting machine, acrylic laser cutting machine, MDF laser cutting machine, and laser engraving machine.\",\"publisher\":{\"@id\":\"https:\/\/aolanglasers.com\/#organization\"},\"potentialAction\":[{\"@type\":\"SearchAction\",\"target\":{\"@type\":\"EntryPoint\",\"urlTemplate\":\"https:\/\/aolanglasers.com\/?s={search_term_string}\"},\"query-input\":{\"@type\":\"PropertyValueSpecification\",\"valueRequired\":true,\"valueName\":\"search_term_string\"}}],\"inLanguage\":\"da-DK\"},{\"@type\":\"Organization\",\"@id\":\"https:\/\/aolanglasers.com\/#organization\",\"name\":\"aolanglasers.com\",\"url\":\"https:\/\/aolanglasers.com\/\",\"logo\":{\"@type\":\"ImageObject\",\"inLanguage\":\"da-DK\",\"@id\":\"https:\/\/aolanglasers.com\/#\/schema\/logo\/image\/\",\"url\":\"https:\/\/aolanglasers.com\/wp-content\/uploads\/2025\/08\/\u5fae\u4fe1\u56fe\u7247_20250820110444_286-e1755866941286.jpg\",\"contentUrl\":\"https:\/\/aolanglasers.com\/wp-content\/uploads\/2025\/08\/\u5fae\u4fe1\u56fe\u7247_20250820110444_286-e1755866941286.jpg\",\"width\":807,\"height\":648,\"caption\":\"aolanglasers.com\"},\"image\":{\"@id\":\"https:\/\/aolanglasers.com\/#\/schema\/logo\/image\/\"}}]}<\/script>\n<!-- \/ Yoast SEO plugin. -->","yoast_head_json":{"title":"1500W 2000W 2500W lasersk\u00e6remaskine til krydsfiner","description":"High power laser cutter is designed for cutting plywood, die board and thin metal sheet, and is widely used in die making, packaging and printing industry.","robots":{"index":"index","follow":"follow","max-snippet":"max-snippet:-1","max-image-preview":"max-image-preview:large","max-video-preview":"max-video-preview:-1"},"canonical":"https:\/\/aolanglasers.com\/da\/vare\/laser-cutting-machine-for-plywood\/","og_locale":"da_DK","og_type":"article","og_title":"1500W 2000W 2500W Laser Cutting Machine for Plywood","og_description":"High power laser cutter is designed for cutting plywood, die board and thin metal sheet, and is widely used in die making, packaging and printing industry.","og_url":"https:\/\/aolanglasers.com\/da\/vare\/laser-cutting-machine-for-plywood\/","og_site_name":"Aolang Laser","article_modified_time":"2025-10-16T06:01:51+00:00","og_image":[{"width":1440,"height":1080,"url":"https:\/\/aolanglasers.com\/wp-content\/uploads\/2025\/09\/high-power-laser-die-cutting-machine.webp","type":"image\/webp"}],"twitter_card":"summary_large_image","twitter_misc":{"Estimeret l\u00e6setid":"1 minut"},"schema":{"@context":"https:\/\/schema.org","@graph":[{"@type":"WebPage","@id":"https:\/\/aolanglasers.com\/product\/laser-cutting-machine-for-plywood\/","url":"https:\/\/aolanglasers.com\/product\/laser-cutting-machine-for-plywood\/","name":"1500W 2000W 2500W lasersk\u00e6remaskine til krydsfiner","isPartOf":{"@id":"https:\/\/aolanglasers.com\/#website"},"primaryImageOfPage":{"@id":"https:\/\/aolanglasers.com\/product\/laser-cutting-machine-for-plywood\/#primaryimage"},"image":{"@id":"https:\/\/aolanglasers.com\/product\/laser-cutting-machine-for-plywood\/#primaryimage"},"thumbnailUrl":"https:\/\/aolanglasers.com\/wp-content\/uploads\/2025\/09\/high-power-laser-die-cutting-machine.webp","datePublished":"2025-09-26T03:03:20+00:00","dateModified":"2025-10-16T06:01:51+00:00","description":"High power laser cutter is designed for cutting plywood, die board and thin metal sheet, and is widely used in die making, packaging and printing industry.","breadcrumb":{"@id":"https:\/\/aolanglasers.com\/product\/laser-cutting-machine-for-plywood\/#breadcrumb"},"inLanguage":"da-DK","potentialAction":[{"@type":"ReadAction","target":["https:\/\/aolanglasers.com\/product\/laser-cutting-machine-for-plywood\/"]}]},{"@type":"ImageObject","inLanguage":"da-DK","@id":"https:\/\/aolanglasers.com\/product\/laser-cutting-machine-for-plywood\/#primaryimage","url":"https:\/\/aolanglasers.com\/wp-content\/uploads\/2025\/09\/high-power-laser-die-cutting-machine.webp","contentUrl":"https:\/\/aolanglasers.com\/wp-content\/uploads\/2025\/09\/high-power-laser-die-cutting-machine.webp","width":1440,"height":1080,"caption":"high power laser die cutting machine"},{"@type":"BreadcrumbList","@id":"https:\/\/aolanglasers.com\/product\/laser-cutting-machine-for-plywood\/#breadcrumb","itemListElement":[{"@type":"ListItem","position":1,"name":"\u9996\u9875","item":"https:\/\/aolanglasers.com\/"},{"@type":"ListItem","position":2,"name":"Products","item":"https:\/\/aolanglasers.com\/shop\/"},{"@type":"ListItem","position":3,"name":"1500W 2000W 2500W Laser Cutting Machine for Plywood"}]},{"@type":"WebSite","@id":"https:\/\/aolanglasers.com\/#website","url":"https:\/\/aolanglasers.com\/","name":"aolanglasers.com","description":"Aolang Laser is a professional CO\u2082 laser cutting machine manufacturer &amp; supplier. We specialize in manufacturing, supplying, and servicing laser die cutting machine, laser die board cutting machine, plywood laser cutting machine, PVC laser cutting machine, acrylic laser cutting machine, MDF laser cutting machine, and laser engraving machine.","publisher":{"@id":"https:\/\/aolanglasers.com\/#organization"},"potentialAction":[{"@type":"SearchAction","target":{"@type":"EntryPoint","urlTemplate":"https:\/\/aolanglasers.com\/?s={search_term_string}"},"query-input":{"@type":"PropertyValueSpecification","valueRequired":true,"valueName":"search_term_string"}}],"inLanguage":"da-DK"},{"@type":"Organization","@id":"https:\/\/aolanglasers.com\/#organization","name":"aolanglasers.com","url":"https:\/\/aolanglasers.com\/","logo":{"@type":"ImageObject","inLanguage":"da-DK","@id":"https:\/\/aolanglasers.com\/#\/schema\/logo\/image\/","url":"https:\/\/aolanglasers.com\/wp-content\/uploads\/2025\/08\/\u5fae\u4fe1\u56fe\u7247_20250820110444_286-e1755866941286.jpg","contentUrl":"https:\/\/aolanglasers.com\/wp-content\/uploads\/2025\/08\/\u5fae\u4fe1\u56fe\u7247_20250820110444_286-e1755866941286.jpg","width":807,"height":648,"caption":"aolanglasers.com"},"image":{"@id":"https:\/\/aolanglasers.com\/#\/schema\/logo\/image\/"}}]}},"_links":{"self":[{"href":"https:\/\/aolanglasers.com\/da\/wp-json\/wp\/v2\/product\/1535","targetHints":{"allow":["GET"]}}],"collection":[{"href":"https:\/\/aolanglasers.com\/da\/wp-json\/wp\/v2\/product"}],"about":[{"href":"https:\/\/aolanglasers.com\/da\/wp-json\/wp\/v2\/types\/product"}],"replies":[{"embeddable":true,"href":"https:\/\/aolanglasers.com\/da\/wp-json\/wp\/v2\/comments?post=1535"}],"wp:featuredmedia":[{"embeddable":true,"href":"https:\/\/aolanglasers.com\/da\/wp-json\/wp\/v2\/media\/2755"}],"wp:attachment":[{"href":"https:\/\/aolanglasers.com\/da\/wp-json\/wp\/v2\/media?parent=1535"}],"wp:term":[{"taxonomy":"product_brand","embeddable":true,"href":"https:\/\/aolanglasers.com\/da\/wp-json\/wp\/v2\/product_brand?post=1535"},{"taxonomy":"product_cat","embeddable":true,"href":"https:\/\/aolanglasers.com\/da\/wp-json\/wp\/v2\/product_cat?post=1535"},{"taxonomy":"product_tag","embeddable":true,"href":"https:\/\/aolanglasers.com\/da\/wp-json\/wp\/v2\/product_tag?post=1535"}],"curies":[{"name":"wp","href":"https:\/\/api.w.org\/{rel}","templated":true}]}}