{"id":1534,"date":"2025-09-26T09:48:49","date_gmt":"2025-09-26T01:48:49","guid":{"rendered":"https:\/\/aolanglasers.com\/?post_type=product&#038;p=1534"},"modified":"2025-10-16T17:26:42","modified_gmt":"2025-10-16T09:26:42","slug":"laser-die-cutting-machine","status":"publish","type":"product","link":"https:\/\/aolanglasers.com\/da\/vare\/laser-die-cutting-machine\/","title":{"rendered":"400W 600W 800W lasersk\u00e6remaskine"},"content":{"rendered":"<table>\n<tbody>\n<tr>\n<td>Model<\/p>\n<p>&nbsp;<\/td>\n<td>AL-GT600-1325<\/td>\n<\/tr>\n<tr>\n<td>Maskinens struktur<\/td>\n<td>Portaltype<\/td>\n<\/tr>\n<tr>\n<td>Laserbane<\/td>\n<td>Konstant optisk vej<\/td>\n<\/tr>\n<tr>\n<td>Laserkilde<\/td>\n<td>CO\u2082-forseglet laserr\u00f8r<\/td>\n<\/tr>\n<tr>\n<td>Arbejdsomr\u00e5de<\/td>\n<td>1300 mm \u00d7 2500 mm (4 fod \u00d7 8 fod)<\/td>\n<\/tr>\n<tr>\n<td>Sk\u00e6repr\u00e6cision<\/td>\n<td>\u00b10,05 mm<\/td>\n<\/tr>\n<tr>\n<td>Sk\u00e6redybde<\/td>\n<td>\u226425mm<\/td>\n<\/tr>\n<tr>\n<td>Bladets tykkelse<\/td>\n<td>0,45 mm (1,3pt), 0,53 mm (1,5pt), 0,71 mm (2pt), 1,07 mm (3pt), 1,42 mm (4pt) osv.<\/td>\n<\/tr>\n<tr>\n<td>Sk\u00e6rehastighed<\/td>\n<td>Ca. 36-46 m\/t (for 18 mm krydsfiner)<\/td>\n<\/tr>\n<tr>\n<td>Driftstemperatur<\/td>\n<td>0-45\u00b0C<\/td>\n<\/tr>\n<tr>\n<td>Str\u00f8mforsyning<\/td>\n<td>Enfaset 220V\u00b110%, 50Hz (standard)<\/td>\n<\/tr>\n<tr>\n<td>Numerisk kontrolpanel<\/td>\n<td>LCD-sk\u00e6rm med Light-Touch-tastepanel<\/td>\n<\/tr>\n<tr>\n<td>Grafisk format<\/td>\n<td>DXF, PLT, BMP, JPG, GIF, TIF, CDR, AI<\/td>\n<\/tr>\n<tr>\n<td>Drevtype<\/td>\n<td>Importerede styreskinner og kugleskruer (Taiwan)<\/td>\n<\/tr>\n<tr>\n<td>K\u00f8letype<\/td>\n<td>Vandk\u00f8ling (brug rent vand; tils\u00e6t frostv\u00e6ske om vinteren)<\/td>\n<\/tr>\n<tr>\n<td>Bruttoeffekt<\/td>\n<td>5 kW<\/td>\n<\/tr>\n<tr>\n<td>Forbrugsstoffer<\/td>\n<td>Laserr\u00f8r, linse, reflekterende spejl, udgangsspejl<\/td>\n<\/tr>\n<tr>\n<td>Assistent-udstyr (gratis)<\/td>\n<td>Vandk\u00f8ler, industriel bl\u00e6ser, computer<\/td>\n<\/tr>\n<tr>\n<td>Maskinst\u00f8rrelse (standby)<\/td>\n<td>5000 mm \u00d7 2200 mm \u00d7 1650 mm<\/td>\n<\/tr>\n<tr>\n<td>Maskinst\u00f8rrelse (arbejder)<\/td>\n<td>5600 mm \u00d7 2300 mm \u00d7 1650 mm<\/td>\n<\/tr>\n<tr>\n<td>Bruttov\u00e6gt<\/td>\n<td>2000 kg<\/td>\n<\/tr>\n<\/tbody>\n<\/table>","protected":false},"excerpt":{"rendered":"<p>Aolangs portal-lasersk\u00e6remaskine har v\u00e6ret en tops\u00e6lger i de senere \u00e5r for fabrikker, der fremstiller stanseforme, samt emballage- og trykkerier. Den sk\u00e6rer effektivt en bred vifte af materialer, herunder stanseplader, krydsfiner og andre ikke-metalliske plader. 600W-modellen anbefales mest p\u00e5 grund af dens h\u00f8jere stabilitet, som er ideel til kontinuerlig produktion.<\/p>\n<p>https:\/\/youtu.be\/DLfPoG8ffRU?si=aQ767YmukJkyALFP<\/p>","protected":false},"featured_media":2754,"comment_status":"open","ping_status":"closed","template":"","meta":{"_acf_changed":false},"product_brand":[],"product_cat":[24],"product_tag":[],"class_list":{"0":"post-1534","1":"product","2":"type-product","3":"status-publish","4":"has-post-thumbnail","6":"product_cat-laser-die-cutting-machine","8":"first","9":"instock","10":"shipping-taxable","11":"product-type-simple"},"acf":[],"yoast_head":"<!-- This site is optimized with the Yoast SEO plugin v26.0 - https:\/\/yoast.com\/wordpress\/plugins\/seo\/ -->\n<title>400W 600W 800W Laser Die Cutting Machine<\/title>\n<meta name=\"description\" content=\"Gantry type laser die cutting machine is an essential equipment for die making production, directly impacting the quality of blade installation.\" \/>\n<meta name=\"robots\" content=\"index, follow, max-snippet:-1, max-image-preview:large, max-video-preview:-1\" \/>\n<link rel=\"canonical\" href=\"https:\/\/aolanglasers.com\/da\/vare\/laser-die-cutting-machine\/\" \/>\n<meta property=\"og:locale\" content=\"da_DK\" \/>\n<meta property=\"og:type\" content=\"article\" \/>\n<meta property=\"og:title\" content=\"400W 600W 800W Laser Die Cutting Machine\" \/>\n<meta property=\"og:description\" content=\"Gantry type laser die cutting machine is an essential equipment for die making production, directly impacting the quality of blade installation.\" \/>\n<meta property=\"og:url\" content=\"https:\/\/aolanglasers.com\/da\/vare\/laser-die-cutting-machine\/\" \/>\n<meta property=\"og:site_name\" content=\"Aolang Laser\" \/>\n<meta property=\"article:modified_time\" content=\"2025-10-16T09:26:42+00:00\" \/>\n<meta property=\"og:image\" content=\"https:\/\/aolanglasers.com\/wp-content\/uploads\/2025\/09\/gantry-type-laser-die-cutting-machine.webp\" \/>\n\t<meta property=\"og:image:width\" content=\"1838\" \/>\n\t<meta property=\"og:image:height\" content=\"1280\" \/>\n\t<meta property=\"og:image:type\" content=\"image\/webp\" \/>\n<meta name=\"twitter:card\" content=\"summary_large_image\" \/>\n<meta name=\"twitter:label1\" content=\"Estimeret l\u00e6setid\" \/>\n\t<meta name=\"twitter:data1\" content=\"1 minut\" \/>\n<script type=\"application\/ld+json\" class=\"yoast-schema-graph\">{\"@context\":\"https:\/\/schema.org\",\"@graph\":[{\"@type\":\"WebPage\",\"@id\":\"https:\/\/aolanglasers.com\/product\/laser-die-cutting-machine\/\",\"url\":\"https:\/\/aolanglasers.com\/product\/laser-die-cutting-machine\/\",\"name\":\"400W 600W 800W Laser Die Cutting Machine\",\"isPartOf\":{\"@id\":\"https:\/\/aolanglasers.com\/#website\"},\"primaryImageOfPage\":{\"@id\":\"https:\/\/aolanglasers.com\/product\/laser-die-cutting-machine\/#primaryimage\"},\"image\":{\"@id\":\"https:\/\/aolanglasers.com\/product\/laser-die-cutting-machine\/#primaryimage\"},\"thumbnailUrl\":\"https:\/\/aolanglasers.com\/wp-content\/uploads\/2025\/09\/gantry-type-laser-die-cutting-machine.webp\",\"datePublished\":\"2025-09-26T01:48:49+00:00\",\"dateModified\":\"2025-10-16T09:26:42+00:00\",\"description\":\"Gantry type laser die cutting machine is an essential equipment for die making production, directly impacting the quality of blade installation.\",\"breadcrumb\":{\"@id\":\"https:\/\/aolanglasers.com\/product\/laser-die-cutting-machine\/#breadcrumb\"},\"inLanguage\":\"da-DK\",\"potentialAction\":[{\"@type\":\"ReadAction\",\"target\":[\"https:\/\/aolanglasers.com\/product\/laser-die-cutting-machine\/\"]}]},{\"@type\":\"ImageObject\",\"inLanguage\":\"da-DK\",\"@id\":\"https:\/\/aolanglasers.com\/product\/laser-die-cutting-machine\/#primaryimage\",\"url\":\"https:\/\/aolanglasers.com\/wp-content\/uploads\/2025\/09\/gantry-type-laser-die-cutting-machine.webp\",\"contentUrl\":\"https:\/\/aolanglasers.com\/wp-content\/uploads\/2025\/09\/gantry-type-laser-die-cutting-machine.webp\",\"width\":1838,\"height\":1280,\"caption\":\"gantry type laser die cutting machine\"},{\"@type\":\"BreadcrumbList\",\"@id\":\"https:\/\/aolanglasers.com\/product\/laser-die-cutting-machine\/#breadcrumb\",\"itemListElement\":[{\"@type\":\"ListItem\",\"position\":1,\"name\":\"\u9996\u9875\",\"item\":\"https:\/\/aolanglasers.com\/\"},{\"@type\":\"ListItem\",\"position\":2,\"name\":\"Products\",\"item\":\"https:\/\/aolanglasers.com\/shop\/\"},{\"@type\":\"ListItem\",\"position\":3,\"name\":\"400W 600W 800W Laser Die Cutting Machine\"}]},{\"@type\":\"WebSite\",\"@id\":\"https:\/\/aolanglasers.com\/#website\",\"url\":\"https:\/\/aolanglasers.com\/\",\"name\":\"aolanglasers.com\",\"description\":\"Aolang Laser is a professional CO\u2082 laser cutting machine manufacturer &amp; supplier. We specialize in manufacturing, supplying, and servicing laser die cutting machine, laser die board cutting machine, plywood laser cutting machine, PVC laser cutting machine, acrylic laser cutting machine, MDF laser cutting machine, and laser engraving machine.\",\"publisher\":{\"@id\":\"https:\/\/aolanglasers.com\/#organization\"},\"potentialAction\":[{\"@type\":\"SearchAction\",\"target\":{\"@type\":\"EntryPoint\",\"urlTemplate\":\"https:\/\/aolanglasers.com\/?s={search_term_string}\"},\"query-input\":{\"@type\":\"PropertyValueSpecification\",\"valueRequired\":true,\"valueName\":\"search_term_string\"}}],\"inLanguage\":\"da-DK\"},{\"@type\":\"Organization\",\"@id\":\"https:\/\/aolanglasers.com\/#organization\",\"name\":\"aolanglasers.com\",\"url\":\"https:\/\/aolanglasers.com\/\",\"logo\":{\"@type\":\"ImageObject\",\"inLanguage\":\"da-DK\",\"@id\":\"https:\/\/aolanglasers.com\/#\/schema\/logo\/image\/\",\"url\":\"https:\/\/aolanglasers.com\/wp-content\/uploads\/2025\/08\/\u5fae\u4fe1\u56fe\u7247_20250820110444_286-e1755866941286.jpg\",\"contentUrl\":\"https:\/\/aolanglasers.com\/wp-content\/uploads\/2025\/08\/\u5fae\u4fe1\u56fe\u7247_20250820110444_286-e1755866941286.jpg\",\"width\":807,\"height\":648,\"caption\":\"aolanglasers.com\"},\"image\":{\"@id\":\"https:\/\/aolanglasers.com\/#\/schema\/logo\/image\/\"}}]}<\/script>\n<!-- \/ Yoast SEO plugin. -->","yoast_head_json":{"title":"400W 600W 800W lasersk\u00e6remaskine","description":"Gantry type laser die cutting machine is an essential equipment for die making production, directly impacting the quality of blade installation.","robots":{"index":"index","follow":"follow","max-snippet":"max-snippet:-1","max-image-preview":"max-image-preview:large","max-video-preview":"max-video-preview:-1"},"canonical":"https:\/\/aolanglasers.com\/da\/vare\/laser-die-cutting-machine\/","og_locale":"da_DK","og_type":"article","og_title":"400W 600W 800W Laser Die Cutting Machine","og_description":"Gantry type laser die cutting machine is an essential equipment for die making production, directly impacting the quality of blade installation.","og_url":"https:\/\/aolanglasers.com\/da\/vare\/laser-die-cutting-machine\/","og_site_name":"Aolang Laser","article_modified_time":"2025-10-16T09:26:42+00:00","og_image":[{"width":1838,"height":1280,"url":"https:\/\/aolanglasers.com\/wp-content\/uploads\/2025\/09\/gantry-type-laser-die-cutting-machine.webp","type":"image\/webp"}],"twitter_card":"summary_large_image","twitter_misc":{"Estimeret l\u00e6setid":"1 minut"},"schema":{"@context":"https:\/\/schema.org","@graph":[{"@type":"WebPage","@id":"https:\/\/aolanglasers.com\/product\/laser-die-cutting-machine\/","url":"https:\/\/aolanglasers.com\/product\/laser-die-cutting-machine\/","name":"400W 600W 800W lasersk\u00e6remaskine","isPartOf":{"@id":"https:\/\/aolanglasers.com\/#website"},"primaryImageOfPage":{"@id":"https:\/\/aolanglasers.com\/product\/laser-die-cutting-machine\/#primaryimage"},"image":{"@id":"https:\/\/aolanglasers.com\/product\/laser-die-cutting-machine\/#primaryimage"},"thumbnailUrl":"https:\/\/aolanglasers.com\/wp-content\/uploads\/2025\/09\/gantry-type-laser-die-cutting-machine.webp","datePublished":"2025-09-26T01:48:49+00:00","dateModified":"2025-10-16T09:26:42+00:00","description":"Gantry type laser die cutting machine is an essential equipment for die making production, directly impacting the quality of blade installation.","breadcrumb":{"@id":"https:\/\/aolanglasers.com\/product\/laser-die-cutting-machine\/#breadcrumb"},"inLanguage":"da-DK","potentialAction":[{"@type":"ReadAction","target":["https:\/\/aolanglasers.com\/product\/laser-die-cutting-machine\/"]}]},{"@type":"ImageObject","inLanguage":"da-DK","@id":"https:\/\/aolanglasers.com\/product\/laser-die-cutting-machine\/#primaryimage","url":"https:\/\/aolanglasers.com\/wp-content\/uploads\/2025\/09\/gantry-type-laser-die-cutting-machine.webp","contentUrl":"https:\/\/aolanglasers.com\/wp-content\/uploads\/2025\/09\/gantry-type-laser-die-cutting-machine.webp","width":1838,"height":1280,"caption":"gantry type laser die cutting machine"},{"@type":"BreadcrumbList","@id":"https:\/\/aolanglasers.com\/product\/laser-die-cutting-machine\/#breadcrumb","itemListElement":[{"@type":"ListItem","position":1,"name":"\u9996\u9875","item":"https:\/\/aolanglasers.com\/"},{"@type":"ListItem","position":2,"name":"Products","item":"https:\/\/aolanglasers.com\/shop\/"},{"@type":"ListItem","position":3,"name":"400W 600W 800W Laser Die Cutting Machine"}]},{"@type":"WebSite","@id":"https:\/\/aolanglasers.com\/#website","url":"https:\/\/aolanglasers.com\/","name":"aolanglasers.com","description":"Aolang Laser is a professional CO\u2082 laser cutting machine manufacturer &amp; supplier. We specialize in manufacturing, supplying, and servicing laser die cutting machine, laser die board cutting machine, plywood laser cutting machine, PVC laser cutting machine, acrylic laser cutting machine, MDF laser cutting machine, and laser engraving machine.","publisher":{"@id":"https:\/\/aolanglasers.com\/#organization"},"potentialAction":[{"@type":"SearchAction","target":{"@type":"EntryPoint","urlTemplate":"https:\/\/aolanglasers.com\/?s={search_term_string}"},"query-input":{"@type":"PropertyValueSpecification","valueRequired":true,"valueName":"search_term_string"}}],"inLanguage":"da-DK"},{"@type":"Organization","@id":"https:\/\/aolanglasers.com\/#organization","name":"aolanglasers.com","url":"https:\/\/aolanglasers.com\/","logo":{"@type":"ImageObject","inLanguage":"da-DK","@id":"https:\/\/aolanglasers.com\/#\/schema\/logo\/image\/","url":"https:\/\/aolanglasers.com\/wp-content\/uploads\/2025\/08\/\u5fae\u4fe1\u56fe\u7247_20250820110444_286-e1755866941286.jpg","contentUrl":"https:\/\/aolanglasers.com\/wp-content\/uploads\/2025\/08\/\u5fae\u4fe1\u56fe\u7247_20250820110444_286-e1755866941286.jpg","width":807,"height":648,"caption":"aolanglasers.com"},"image":{"@id":"https:\/\/aolanglasers.com\/#\/schema\/logo\/image\/"}}]}},"_links":{"self":[{"href":"https:\/\/aolanglasers.com\/da\/wp-json\/wp\/v2\/product\/1534","targetHints":{"allow":["GET"]}}],"collection":[{"href":"https:\/\/aolanglasers.com\/da\/wp-json\/wp\/v2\/product"}],"about":[{"href":"https:\/\/aolanglasers.com\/da\/wp-json\/wp\/v2\/types\/product"}],"replies":[{"embeddable":true,"href":"https:\/\/aolanglasers.com\/da\/wp-json\/wp\/v2\/comments?post=1534"}],"wp:featuredmedia":[{"embeddable":true,"href":"https:\/\/aolanglasers.com\/da\/wp-json\/wp\/v2\/media\/2754"}],"wp:attachment":[{"href":"https:\/\/aolanglasers.com\/da\/wp-json\/wp\/v2\/media?parent=1534"}],"wp:term":[{"taxonomy":"product_brand","embeddable":true,"href":"https:\/\/aolanglasers.com\/da\/wp-json\/wp\/v2\/product_brand?post=1534"},{"taxonomy":"product_cat","embeddable":true,"href":"https:\/\/aolanglasers.com\/da\/wp-json\/wp\/v2\/product_cat?post=1534"},{"taxonomy":"product_tag","embeddable":true,"href":"https:\/\/aolanglasers.com\/da\/wp-json\/wp\/v2\/product_tag?post=1534"}],"curies":[{"name":"wp","href":"https:\/\/api.w.org\/{rel}","templated":true}]}}