{"id":1471,"date":"2025-09-22T08:31:43","date_gmt":"2025-09-22T00:31:43","guid":{"rendered":"https:\/\/aolanglasers.com\/?post_type=product&#038;p=1471"},"modified":"2025-10-20T10:17:47","modified_gmt":"2025-10-20T02:17:47","slug":"laser-engraving-machine","status":"publish","type":"product","link":"https:\/\/aolanglasers.com\/cs\/produkt\/laser-engraving-machine\/","title":{"rendered":"150W CO\u2082 laserov\u00fd grav\u00edrovac\u00ed stroj"},"content":{"rendered":"<table>\n<tbody>\n<tr>\n<td>Model<\/td>\n<td>AL-ST150-1410<\/td>\n<\/tr>\n<tr>\n<td>Dr\u00e1ha laseru<\/td>\n<td>Dr\u00e1ha l\u00e9taj\u00edc\u00edho laseru<\/td>\n<\/tr>\n<tr>\n<td>Laserov\u00fd zdroj<\/td>\n<td>Uzav\u0159en\u00e1 laserov\u00e1 trubice CO\u2082<\/td>\n<\/tr>\n<tr>\n<td>Pracovn\u00ed oblast<\/td>\n<td>1400 mm \u00d7 1000 mm (lze p\u0159izp\u016fsobit)<\/td>\n<\/tr>\n<tr>\n<td>P\u0159esnost \u0159ez\u00e1n\u00ed<\/td>\n<td>\u00b10,05 mm<\/td>\n<\/tr>\n<tr>\n<td>Hloubka \u0159ezu<\/td>\n<td>\u226425 mm<\/td>\n<\/tr>\n<tr>\n<td>Provozn\u00ed teplota<\/td>\n<td>0-45\u00b0C<\/td>\n<\/tr>\n<tr>\n<td>Nap\u00e1jen\u00ed<\/td>\n<td>Jednof\u00e1zov\u00fd 220V\u00b110%, 50Hz (standard)<\/td>\n<\/tr>\n<tr>\n<td>\u010c\u00edslicov\u00fd ovl\u00e1dac\u00ed panel<\/td>\n<td>Obrazovka LCD<\/td>\n<\/tr>\n<tr>\n<td>Grafick\u00fd form\u00e1t<\/td>\n<td>DXF, PLT, BMP, JPG, GIF, TIF, CDR, AI<\/td>\n<\/tr>\n<tr>\n<td>Typ pohonu<\/td>\n<td>P\u00e1s<\/td>\n<\/tr>\n<tr>\n<td>Typ chlazen\u00ed<\/td>\n<td>Chlazen\u00ed vodou (pou\u017e\u00edvejte \u010distou vodu; v zim\u011b p\u0159id\u00e1vejte nemrznouc\u00ed sm\u011bs)<\/td>\n<\/tr>\n<tr>\n<td>Spot\u0159ebn\u00ed materi\u00e1l<\/td>\n<td>Laserov\u00e1 trubice, \u010do\u010dka, reflexn\u00ed zrcadlo, v\u00fdstupn\u00ed zrcadlo<\/td>\n<\/tr>\n<tr>\n<td>Asisten\u010dn\u00ed vybaven\u00ed (zdarma)<\/td>\n<td>Vodn\u00ed chladi\u010d, pr\u016fmyslov\u00e9 dmychadlo<\/td>\n<\/tr>\n<tr>\n<td>Velikost stroje (pohotovostn\u00ed re\u017eim)<\/td>\n<td>2400 mm \u00d7 1900 mm \u00d7 1200 mm<\/td>\n<\/tr>\n<tr>\n<td>Hrub\u00e1 hmotnost<\/td>\n<td>250 kg<\/td>\n<\/tr>\n<\/tbody>\n<\/table>","protected":false},"excerpt":{"rendered":"<p>Laserov\u00fd grav\u00edrovac\u00ed stroj AL-ST150-1410 CO\u2082 vyu\u017e\u00edv\u00e1 konstrukci s l\u00e9taj\u00edc\u00ed laserovou dr\u00e1hou a \u0159emenov\u00fdm pohonem. Efektivn\u011b \u0159e\u017ee \u0161irokou \u0161k\u00e1lu materi\u00e1l\u016f, v\u010detn\u011b d\u0159eva, p\u0159ekli\u017eky, plastu, k\u016f\u017ee, l\u00e1tky, akrylu, MDF, kartonu atd.<\/p>\n<p>https:\/\/youtu.be\/BgpaO9s-LDM?si=brkwd_dqYMDsrEOc<\/p>","protected":false},"featured_media":2746,"comment_status":"open","ping_status":"closed","template":"","meta":{"_acf_changed":false},"product_brand":[],"product_cat":[27],"product_tag":[],"class_list":{"0":"post-1471","1":"product","2":"type-product","3":"status-publish","4":"has-post-thumbnail","6":"product_cat-other-machines","8":"first","9":"instock","10":"shipping-taxable","11":"product-type-simple"},"acf":[],"yoast_head":"<!-- This site is optimized with the Yoast SEO plugin v26.0 - https:\/\/yoast.com\/wordpress\/plugins\/seo\/ -->\n<title>150W CO\u2082\u00a0Laser Engraving Machine - Aolang Laser<\/title>\n<meta name=\"description\" content=\"Laser engraver offers 0.01mm precision on wood, acrylic, cloth, leather, cardboard and more. If you&#039;re interested in it, contact us to get a free sample!\" \/>\n<meta name=\"robots\" content=\"index, follow, max-snippet:-1, max-image-preview:large, max-video-preview:-1\" \/>\n<link rel=\"canonical\" href=\"https:\/\/aolanglasers.com\/cs\/produkt\/laser-engraving-machine\/\" \/>\n<meta property=\"og:locale\" content=\"cs_CZ\" \/>\n<meta property=\"og:type\" content=\"article\" \/>\n<meta property=\"og:title\" content=\"150W CO\u2082\u00a0Laser Engraving Machine - Aolang Laser\" \/>\n<meta property=\"og:description\" content=\"Laser engraver offers 0.01mm precision on wood, acrylic, cloth, leather, cardboard and more. If you&#039;re interested in it, contact us to get a free sample!\" \/>\n<meta property=\"og:url\" content=\"https:\/\/aolanglasers.com\/cs\/produkt\/laser-engraving-machine\/\" \/>\n<meta property=\"og:site_name\" content=\"Aolang Laser\" \/>\n<meta property=\"article:modified_time\" content=\"2025-10-20T02:17:47+00:00\" \/>\n<meta property=\"og:image\" content=\"https:\/\/aolanglasers.com\/wp-content\/uploads\/2025\/10\/150w-co\u2082-laser-engraving-machine.webp\" \/>\n\t<meta property=\"og:image:width\" content=\"1152\" \/>\n\t<meta property=\"og:image:height\" content=\"864\" \/>\n\t<meta property=\"og:image:type\" content=\"image\/webp\" \/>\n<meta name=\"twitter:card\" content=\"summary_large_image\" \/>\n<meta name=\"twitter:label1\" content=\"Odhadovan\u00e1 doba \u010dten\u00ed\" \/>\n\t<meta name=\"twitter:data1\" content=\"1 minuta\" \/>\n<script type=\"application\/ld+json\" class=\"yoast-schema-graph\">{\"@context\":\"https:\/\/schema.org\",\"@graph\":[{\"@type\":\"WebPage\",\"@id\":\"https:\/\/aolanglasers.com\/product\/laser-engraving-machine\/\",\"url\":\"https:\/\/aolanglasers.com\/product\/laser-engraving-machine\/\",\"name\":\"150W CO\u2082\u00a0Laser Engraving Machine - Aolang Laser\",\"isPartOf\":{\"@id\":\"https:\/\/aolanglasers.com\/#website\"},\"primaryImageOfPage\":{\"@id\":\"https:\/\/aolanglasers.com\/product\/laser-engraving-machine\/#primaryimage\"},\"image\":{\"@id\":\"https:\/\/aolanglasers.com\/product\/laser-engraving-machine\/#primaryimage\"},\"thumbnailUrl\":\"https:\/\/aolanglasers.com\/wp-content\/uploads\/2025\/10\/150w-co\u2082-laser-engraving-machine.webp\",\"datePublished\":\"2025-09-22T00:31:43+00:00\",\"dateModified\":\"2025-10-20T02:17:47+00:00\",\"description\":\"Laser engraver offers 0.01mm precision on wood, acrylic, cloth, leather, cardboard and more. If you're interested in it, contact us to get a free sample!\",\"breadcrumb\":{\"@id\":\"https:\/\/aolanglasers.com\/product\/laser-engraving-machine\/#breadcrumb\"},\"inLanguage\":\"cs\",\"potentialAction\":[{\"@type\":\"ReadAction\",\"target\":[\"https:\/\/aolanglasers.com\/product\/laser-engraving-machine\/\"]}]},{\"@type\":\"ImageObject\",\"inLanguage\":\"cs\",\"@id\":\"https:\/\/aolanglasers.com\/product\/laser-engraving-machine\/#primaryimage\",\"url\":\"https:\/\/aolanglasers.com\/wp-content\/uploads\/2025\/10\/150w-co\u2082-laser-engraving-machine.webp\",\"contentUrl\":\"https:\/\/aolanglasers.com\/wp-content\/uploads\/2025\/10\/150w-co\u2082-laser-engraving-machine.webp\",\"width\":1152,\"height\":864,\"caption\":\"150w co\u2082 laser engraving machine\"},{\"@type\":\"BreadcrumbList\",\"@id\":\"https:\/\/aolanglasers.com\/product\/laser-engraving-machine\/#breadcrumb\",\"itemListElement\":[{\"@type\":\"ListItem\",\"position\":1,\"name\":\"\u9996\u9875\",\"item\":\"https:\/\/aolanglasers.com\/\"},{\"@type\":\"ListItem\",\"position\":2,\"name\":\"Products\",\"item\":\"https:\/\/aolanglasers.com\/shop\/\"},{\"@type\":\"ListItem\",\"position\":3,\"name\":\"150W CO\u2082\u00a0Laser Engraving Machine\"}]},{\"@type\":\"WebSite\",\"@id\":\"https:\/\/aolanglasers.com\/#website\",\"url\":\"https:\/\/aolanglasers.com\/\",\"name\":\"aolanglasers.com\",\"description\":\"Aolang Laser is a professional CO\u2082 laser cutting machine manufacturer &amp; supplier. We specialize in manufacturing, supplying, and servicing laser die cutting machine, laser die board cutting machine, plywood laser cutting machine, PVC laser cutting machine, acrylic laser cutting machine, MDF laser cutting machine, and laser engraving machine.\",\"publisher\":{\"@id\":\"https:\/\/aolanglasers.com\/#organization\"},\"potentialAction\":[{\"@type\":\"SearchAction\",\"target\":{\"@type\":\"EntryPoint\",\"urlTemplate\":\"https:\/\/aolanglasers.com\/?s={search_term_string}\"},\"query-input\":{\"@type\":\"PropertyValueSpecification\",\"valueRequired\":true,\"valueName\":\"search_term_string\"}}],\"inLanguage\":\"cs\"},{\"@type\":\"Organization\",\"@id\":\"https:\/\/aolanglasers.com\/#organization\",\"name\":\"aolanglasers.com\",\"url\":\"https:\/\/aolanglasers.com\/\",\"logo\":{\"@type\":\"ImageObject\",\"inLanguage\":\"cs\",\"@id\":\"https:\/\/aolanglasers.com\/#\/schema\/logo\/image\/\",\"url\":\"https:\/\/aolanglasers.com\/wp-content\/uploads\/2025\/08\/\u5fae\u4fe1\u56fe\u7247_20250820110444_286-e1755866941286.jpg\",\"contentUrl\":\"https:\/\/aolanglasers.com\/wp-content\/uploads\/2025\/08\/\u5fae\u4fe1\u56fe\u7247_20250820110444_286-e1755866941286.jpg\",\"width\":807,\"height\":648,\"caption\":\"aolanglasers.com\"},\"image\":{\"@id\":\"https:\/\/aolanglasers.com\/#\/schema\/logo\/image\/\"}}]}<\/script>\n<!-- \/ Yoast SEO plugin. -->","yoast_head_json":{"title":"150W CO\u2082\u00a0Laser Engraving Machine - Aolang Laser","description":"Laser engraver offers 0.01mm precision on wood, acrylic, cloth, leather, cardboard and more. If you're interested in it, contact us to get a free sample!","robots":{"index":"index","follow":"follow","max-snippet":"max-snippet:-1","max-image-preview":"max-image-preview:large","max-video-preview":"max-video-preview:-1"},"canonical":"https:\/\/aolanglasers.com\/cs\/produkt\/laser-engraving-machine\/","og_locale":"cs_CZ","og_type":"article","og_title":"150W CO\u2082\u00a0Laser Engraving Machine - Aolang Laser","og_description":"Laser engraver offers 0.01mm precision on wood, acrylic, cloth, leather, cardboard and more. If you're interested in it, contact us to get a free sample!","og_url":"https:\/\/aolanglasers.com\/cs\/produkt\/laser-engraving-machine\/","og_site_name":"Aolang Laser","article_modified_time":"2025-10-20T02:17:47+00:00","og_image":[{"width":1152,"height":864,"url":"https:\/\/aolanglasers.com\/wp-content\/uploads\/2025\/10\/150w-co\u2082-laser-engraving-machine.webp","type":"image\/webp"}],"twitter_card":"summary_large_image","twitter_misc":{"Odhadovan\u00e1 doba \u010dten\u00ed":"1 minuta"},"schema":{"@context":"https:\/\/schema.org","@graph":[{"@type":"WebPage","@id":"https:\/\/aolanglasers.com\/product\/laser-engraving-machine\/","url":"https:\/\/aolanglasers.com\/product\/laser-engraving-machine\/","name":"150W CO\u2082\u00a0Laser Engraving Machine - Aolang Laser","isPartOf":{"@id":"https:\/\/aolanglasers.com\/#website"},"primaryImageOfPage":{"@id":"https:\/\/aolanglasers.com\/product\/laser-engraving-machine\/#primaryimage"},"image":{"@id":"https:\/\/aolanglasers.com\/product\/laser-engraving-machine\/#primaryimage"},"thumbnailUrl":"https:\/\/aolanglasers.com\/wp-content\/uploads\/2025\/10\/150w-co\u2082-laser-engraving-machine.webp","datePublished":"2025-09-22T00:31:43+00:00","dateModified":"2025-10-20T02:17:47+00:00","description":"Laser engraver offers 0.01mm precision on wood, acrylic, cloth, leather, cardboard and more. If you're interested in it, contact us to get a free sample!","breadcrumb":{"@id":"https:\/\/aolanglasers.com\/product\/laser-engraving-machine\/#breadcrumb"},"inLanguage":"cs","potentialAction":[{"@type":"ReadAction","target":["https:\/\/aolanglasers.com\/product\/laser-engraving-machine\/"]}]},{"@type":"ImageObject","inLanguage":"cs","@id":"https:\/\/aolanglasers.com\/product\/laser-engraving-machine\/#primaryimage","url":"https:\/\/aolanglasers.com\/wp-content\/uploads\/2025\/10\/150w-co\u2082-laser-engraving-machine.webp","contentUrl":"https:\/\/aolanglasers.com\/wp-content\/uploads\/2025\/10\/150w-co\u2082-laser-engraving-machine.webp","width":1152,"height":864,"caption":"150w co\u2082 laser engraving machine"},{"@type":"BreadcrumbList","@id":"https:\/\/aolanglasers.com\/product\/laser-engraving-machine\/#breadcrumb","itemListElement":[{"@type":"ListItem","position":1,"name":"\u9996\u9875","item":"https:\/\/aolanglasers.com\/"},{"@type":"ListItem","position":2,"name":"Products","item":"https:\/\/aolanglasers.com\/shop\/"},{"@type":"ListItem","position":3,"name":"150W CO\u2082\u00a0Laser Engraving Machine"}]},{"@type":"WebSite","@id":"https:\/\/aolanglasers.com\/#website","url":"https:\/\/aolanglasers.com\/","name":"aolanglasers.com","description":"Aolang Laser is a professional CO\u2082 laser cutting machine manufacturer &amp; supplier. We specialize in manufacturing, supplying, and servicing laser die cutting machine, laser die board cutting machine, plywood laser cutting machine, PVC laser cutting machine, acrylic laser cutting machine, MDF laser cutting machine, and laser engraving machine.","publisher":{"@id":"https:\/\/aolanglasers.com\/#organization"},"potentialAction":[{"@type":"SearchAction","target":{"@type":"EntryPoint","urlTemplate":"https:\/\/aolanglasers.com\/?s={search_term_string}"},"query-input":{"@type":"PropertyValueSpecification","valueRequired":true,"valueName":"search_term_string"}}],"inLanguage":"cs"},{"@type":"Organization","@id":"https:\/\/aolanglasers.com\/#organization","name":"aolanglasers.com","url":"https:\/\/aolanglasers.com\/","logo":{"@type":"ImageObject","inLanguage":"cs","@id":"https:\/\/aolanglasers.com\/#\/schema\/logo\/image\/","url":"https:\/\/aolanglasers.com\/wp-content\/uploads\/2025\/08\/\u5fae\u4fe1\u56fe\u7247_20250820110444_286-e1755866941286.jpg","contentUrl":"https:\/\/aolanglasers.com\/wp-content\/uploads\/2025\/08\/\u5fae\u4fe1\u56fe\u7247_20250820110444_286-e1755866941286.jpg","width":807,"height":648,"caption":"aolanglasers.com"},"image":{"@id":"https:\/\/aolanglasers.com\/#\/schema\/logo\/image\/"}}]}},"_links":{"self":[{"href":"https:\/\/aolanglasers.com\/cs\/wp-json\/wp\/v2\/product\/1471","targetHints":{"allow":["GET"]}}],"collection":[{"href":"https:\/\/aolanglasers.com\/cs\/wp-json\/wp\/v2\/product"}],"about":[{"href":"https:\/\/aolanglasers.com\/cs\/wp-json\/wp\/v2\/types\/product"}],"replies":[{"embeddable":true,"href":"https:\/\/aolanglasers.com\/cs\/wp-json\/wp\/v2\/comments?post=1471"}],"wp:featuredmedia":[{"embeddable":true,"href":"https:\/\/aolanglasers.com\/cs\/wp-json\/wp\/v2\/media\/2746"}],"wp:attachment":[{"href":"https:\/\/aolanglasers.com\/cs\/wp-json\/wp\/v2\/media?parent=1471"}],"wp:term":[{"taxonomy":"product_brand","embeddable":true,"href":"https:\/\/aolanglasers.com\/cs\/wp-json\/wp\/v2\/product_brand?post=1471"},{"taxonomy":"product_cat","embeddable":true,"href":"https:\/\/aolanglasers.com\/cs\/wp-json\/wp\/v2\/product_cat?post=1471"},{"taxonomy":"product_tag","embeddable":true,"href":"https:\/\/aolanglasers.com\/cs\/wp-json\/wp\/v2\/product_tag?post=1471"}],"curies":[{"name":"wp","href":"https:\/\/api.w.org\/{rel}","templated":true}]}}